{"id":17,"date":"2019-11-05T08:46:31","date_gmt":"2019-11-05T07:46:31","guid":{"rendered":"http:\/\/www.life4fir.com\/home\/"},"modified":"2022-07-25T11:48:54","modified_gmt":"2022-07-25T09:48:54","slug":"home","status":"publish","type":"page","link":"http:\/\/www.life4fir.com\/es\/","title":{"rendered":"El proyecto LIFE4FIR"},"content":{"rendered":"<p><figure id=\"attachment_190\" aria-describedby=\"caption-attachment-190\" style=\"width: 185px\" class=\"wp-caption alignright\"><a href=\"http:\/\/www.life4fir.com\/the-life-programme\/\"><img loading=\"lazy\" class=\"wp-image-190\" src=\"http:\/\/www.life4fir.com\/wp-content\/uploads\/2019\/11\/LIFE-programme-life4fir-project.jpg\" alt=\"\" width=\"185\" height=\"185\" srcset=\"http:\/\/www.life4fir.com\/wp-content\/uploads\/2019\/11\/LIFE-programme-life4fir-project.jpg 150w, http:\/\/www.life4fir.com\/wp-content\/uploads\/2019\/11\/LIFE-programme-life4fir-project-100x100.jpg 100w\" sizes=\"(max-width: 185px) 100vw, 185px\" \/><\/a><figcaption id=\"caption-attachment-190\" class=\"wp-caption-text\">LIFE4FIR es un proyecto cofinanciado con la contribuci\u00f3n del instrumento financiero LIFE de la Uni\u00f3n Europea.<\/figcaption><\/figure><\/p>\n<p>El <strong>objetivo principal<\/strong> del proyecto LIFE4FIR (LIFE18_NAT_IT_000164 &#8211; <em>Decisive in situ and ex situ conservation strategies to secure the critically endangered Sicilian fir, Abies nebrodensis<\/em>) es aumentar la diversidad gen\u00e9tica y mejorar el estado de conservaci\u00f3n de la poblaci\u00f3n de <em>Abies nebrodensis<\/em>\u00a0en grave peligro (la poblaci\u00f3n residual es de solo 30 espec\u00edmenes adultos). De hecho, esta especie es objeto de una dram\u00e1tica erosi\u00f3n gen\u00e9tica y escasa regeneraci\u00f3n natural.<\/p>\n<p>&nbsp;<\/p>\n<p>El objetivo del proyecto LIFE4FIR se perseguir\u00e1 mediante el logro de los <strong>siguientes objetivos espec\u00edficos<\/strong>:<\/p>\n<ol>\n<li style=\"list-style-type: none;\">\n<ol>\n<li>apoyando y protegiendo los \u00e1rboles adultos restantes y las pocas plantas j\u00f3venes resultantes de la regeneraci\u00f3n natural de <em>Abies nebrodensis<\/em> directamente en su h\u00e1bitat natural;<\/li>\n<li>restaurar la estructura din\u00e1mica de la poblaci\u00f3n a trav\u00e9s de la implementaci\u00f3n de un plan de reforestaci\u00f3n basado en el uso de pl\u00e1ntulas seleccionadas. Esto implica el logro de los siguientes objetivos secundarios:\n<ul>\n<li>producci\u00f3n en vivero de plantas sanas, vigorosas, gen\u00e9ticamente puras y no hibridantes;<\/li>\n<li>establecimiento de \u00e1reas de reforestaci\u00f3n en \u00e1reas adecuadas para ser n\u00facleos de redifusi\u00f3n;<\/li>\n<li>creaci\u00f3n de un arboreto clonal adecuado para la promoci\u00f3n efectiva de la producci\u00f3n de semillas en el futuro;<\/li>\n<\/ul>\n<\/li>\n<li>conservaci\u00f3n ex situ mediante la construcci\u00f3n de un banco de semillas y un criobanco para la conservaci\u00f3n a largo plazo de semillas, polen, embriones aislados y l\u00edneas de callos embriog\u00e9nicos de <em>Abies nebrodensis<\/em>;<\/li>\n<li>identificaci\u00f3n clara de la modalidad para apoyar las actividades incluso despu\u00e9s del final del proyecto y definir una estrategia para la aplicaci\u00f3n futura de la metodolog\u00eda LIFE4FIR a otras especies de con\u00edferas en peligro de extinci\u00f3n en Europa.<\/li>\n<\/ol>\n<\/li>\n<\/ol>\n<p><\/p>","protected":false},"excerpt":{"rendered":"<p>El objetivo principal del proyecto LIFE4FIR (LIFE18_NAT_IT_000164 &#8211; Decisive in situ and ex situ conservation strategies to secure the critically endangered Sicilian fir, Abies nebrodensis) es aumentar la diversidad gen\u00e9tica y mejorar el estado de conservaci\u00f3n de la poblaci\u00f3n de Abies nebrodensis\u00a0en grave peligro (la poblaci\u00f3n residual es de solo 30 espec\u00edmenes adultos). De hecho, &hellip; <\/p>\n<p class=\"link-more\"><a href=\"http:\/\/www.life4fir.com\/es\/\" class=\"more-link\">Continuar leyendo<span class=\"screen-reader-text\"> \u00abEl proyecto LIFE4FIR\u00bb<\/span><\/a><\/p>\n","protected":false},"author":1,"featured_media":0,"parent":0,"menu_order":0,"comment_status":"closed","ping_status":"closed","template":"","meta":[],"yoast_head":"<!-- This site is optimized with the Yoast SEO plugin v16.7 - https:\/\/yoast.com\/wordpress\/plugins\/seo\/ -->\n<title>El proyecto LIFE4FIR - LIFE4FIR<\/title>\n<meta name=\"robots\" content=\"index, follow, max-snippet:-1, max-image-preview:large, max-video-preview:-1\" \/>\n<link rel=\"canonical\" href=\"http:\/\/www.life4fir.com\/\" \/>\n<meta property=\"og:locale\" content=\"es_ES\" \/>\n<meta property=\"og:type\" content=\"article\" \/>\n<meta property=\"og:title\" content=\"[:it]Il progetto LIFE4FIR[:en]The LIFE4FIR project[:es]El proyecto LIFE4FIR[:] - LIFE4FIR\" \/>\n<meta property=\"og:description\" content=\"El objetivo principal del proyecto LIFE4FIR (LIFE18_NAT_IT_000164 &#8211; Decisive in situ and ex situ conservation strategies to secure the critically endangered Sicilian fir, Abies nebrodensis) es aumentar la diversidad gen\u00e9tica y mejorar el estado de conservaci\u00f3n de la poblaci\u00f3n de Abies nebrodensis\u00a0en grave peligro (la poblaci\u00f3n residual es de solo 30 espec\u00edmenes adultos). De hecho, &hellip; Continuar leyendo &quot;El proyecto LIFE4FIR&quot;\" \/>\n<meta property=\"og:url\" content=\"http:\/\/www.life4fir.com\/\" \/>\n<meta property=\"og:site_name\" content=\"LIFE4FIR\" \/>\n<meta property=\"article:modified_time\" content=\"2022-07-25T09:48:54+00:00\" \/>\n<meta property=\"og:image\" content=\"http:\/\/www.life4fir.com\/wp-content\/uploads\/2019\/11\/LIFE-programme-life4fir-project.jpg\" \/>\n<meta name=\"twitter:card\" content=\"summary_large_image\" \/>\n<meta name=\"twitter:label1\" content=\"Tiempo de lectura\" \/>\n\t<meta name=\"twitter:data1\" content=\"2 minutos\" \/>\n<script type=\"application\/ld+json\" class=\"yoast-schema-graph\">{\"@context\":\"https:\/\/schema.org\",\"@graph\":[{\"@type\":\"WebSite\",\"@id\":\"http:\/\/www.life4fir.com\/it\/#website\",\"url\":\"http:\/\/www.life4fir.com\/it\/\",\"name\":\"LIFE4FIR\",\"description\":\"Decisive in situ and ex situ conservation strategies to secure the critically endangered Sicilian fir, Abies nebrodensis\",\"potentialAction\":[{\"@type\":\"SearchAction\",\"target\":{\"@type\":\"EntryPoint\",\"urlTemplate\":\"http:\/\/www.life4fir.com\/it\/?s={search_term_string}\"},\"query-input\":\"required name=search_term_string\"}],\"inLanguage\":\"es\"},{\"@type\":\"ImageObject\",\"@id\":\"http:\/\/www.life4fir.com\/#primaryimage\",\"inLanguage\":\"es\",\"url\":\"http:\/\/www.life4fir.com\/wp-content\/uploads\/2019\/11\/LIFE-programme-life4fir-project.jpg\",\"contentUrl\":\"http:\/\/www.life4fir.com\/wp-content\/uploads\/2019\/11\/LIFE-programme-life4fir-project.jpg\",\"width\":150,\"height\":150},{\"@type\":\"WebPage\",\"@id\":\"http:\/\/www.life4fir.com\/#webpage\",\"url\":\"http:\/\/www.life4fir.com\/\",\"name\":\"[:it]Il progetto LIFE4FIR[:en]The LIFE4FIR project[:es]El proyecto LIFE4FIR[:] - LIFE4FIR\",\"isPartOf\":{\"@id\":\"http:\/\/www.life4fir.com\/it\/#website\"},\"primaryImageOfPage\":{\"@id\":\"http:\/\/www.life4fir.com\/#primaryimage\"},\"datePublished\":\"2019-11-05T07:46:31+00:00\",\"dateModified\":\"2022-07-25T09:48:54+00:00\",\"breadcrumb\":{\"@id\":\"http:\/\/www.life4fir.com\/#breadcrumb\"},\"inLanguage\":\"es\",\"potentialAction\":[{\"@type\":\"ReadAction\",\"target\":[\"http:\/\/www.life4fir.com\/\"]}]},{\"@type\":\"BreadcrumbList\",\"@id\":\"http:\/\/www.life4fir.com\/#breadcrumb\",\"itemListElement\":[{\"@type\":\"ListItem\",\"position\":1,\"name\":\"Home\",\"item\":\"http:\/\/www.life4fir.com\/\"},{\"@type\":\"ListItem\",\"position\":2,\"name\":\"The LIFE4FIR project\"}]}]}<\/script>\n<!-- \/ Yoast SEO plugin. -->","yoast_head_json":{"title":"[:it]Il progetto LIFE4FIR[:en]The LIFE4FIR project[:es]El proyecto LIFE4FIR[:] - LIFE4FIR","robots":{"index":"index","follow":"follow","max-snippet":"max-snippet:-1","max-image-preview":"max-image-preview:large","max-video-preview":"max-video-preview:-1"},"canonical":"http:\/\/www.life4fir.com\/","og_locale":"es_ES","og_type":"article","og_title":"[:it]Il progetto LIFE4FIR[:en]The LIFE4FIR project[:es]El proyecto LIFE4FIR[:] - LIFE4FIR","og_description":"El objetivo principal del proyecto LIFE4FIR (LIFE18_NAT_IT_000164 &#8211; Decisive in situ and ex situ conservation strategies to secure the critically endangered Sicilian fir, Abies nebrodensis) es aumentar la diversidad gen\u00e9tica y mejorar el estado de conservaci\u00f3n de la poblaci\u00f3n de Abies nebrodensis\u00a0en grave peligro (la poblaci\u00f3n residual es de solo 30 espec\u00edmenes adultos). De hecho, &hellip; Continuar leyendo \"El proyecto LIFE4FIR\"","og_url":"http:\/\/www.life4fir.com\/","og_site_name":"LIFE4FIR","article_modified_time":"2022-07-25T09:48:54+00:00","og_image":[{"url":"http:\/\/www.life4fir.com\/wp-content\/uploads\/2019\/11\/LIFE-programme-life4fir-project.jpg"}],"twitter_card":"summary_large_image","twitter_misc":{"Tiempo de lectura":"2 minutos"},"schema":{"@context":"https:\/\/schema.org","@graph":[{"@type":"WebSite","@id":"http:\/\/www.life4fir.com\/it\/#website","url":"http:\/\/www.life4fir.com\/it\/","name":"LIFE4FIR","description":"Decisive in situ and ex situ conservation strategies to secure the critically endangered Sicilian fir, Abies nebrodensis","potentialAction":[{"@type":"SearchAction","target":{"@type":"EntryPoint","urlTemplate":"http:\/\/www.life4fir.com\/it\/?s={search_term_string}"},"query-input":"required name=search_term_string"}],"inLanguage":"es"},{"@type":"ImageObject","@id":"http:\/\/www.life4fir.com\/#primaryimage","inLanguage":"es","url":"http:\/\/www.life4fir.com\/wp-content\/uploads\/2019\/11\/LIFE-programme-life4fir-project.jpg","contentUrl":"http:\/\/www.life4fir.com\/wp-content\/uploads\/2019\/11\/LIFE-programme-life4fir-project.jpg","width":150,"height":150},{"@type":"WebPage","@id":"http:\/\/www.life4fir.com\/#webpage","url":"http:\/\/www.life4fir.com\/","name":"[:it]Il progetto LIFE4FIR[:en]The LIFE4FIR project[:es]El proyecto LIFE4FIR[:] - LIFE4FIR","isPartOf":{"@id":"http:\/\/www.life4fir.com\/it\/#website"},"primaryImageOfPage":{"@id":"http:\/\/www.life4fir.com\/#primaryimage"},"datePublished":"2019-11-05T07:46:31+00:00","dateModified":"2022-07-25T09:48:54+00:00","breadcrumb":{"@id":"http:\/\/www.life4fir.com\/#breadcrumb"},"inLanguage":"es","potentialAction":[{"@type":"ReadAction","target":["http:\/\/www.life4fir.com\/"]}]},{"@type":"BreadcrumbList","@id":"http:\/\/www.life4fir.com\/#breadcrumb","itemListElement":[{"@type":"ListItem","position":1,"name":"Home","item":"http:\/\/www.life4fir.com\/"},{"@type":"ListItem","position":2,"name":"The LIFE4FIR project"}]}]}},"_links":{"self":[{"href":"http:\/\/www.life4fir.com\/es\/wp-json\/wp\/v2\/pages\/17"}],"collection":[{"href":"http:\/\/www.life4fir.com\/es\/wp-json\/wp\/v2\/pages"}],"about":[{"href":"http:\/\/www.life4fir.com\/es\/wp-json\/wp\/v2\/types\/page"}],"author":[{"embeddable":true,"href":"http:\/\/www.life4fir.com\/es\/wp-json\/wp\/v2\/users\/1"}],"replies":[{"embeddable":true,"href":"http:\/\/www.life4fir.com\/es\/wp-json\/wp\/v2\/comments?post=17"}],"version-history":[{"count":15,"href":"http:\/\/www.life4fir.com\/es\/wp-json\/wp\/v2\/pages\/17\/revisions"}],"predecessor-version":[{"id":594,"href":"http:\/\/www.life4fir.com\/es\/wp-json\/wp\/v2\/pages\/17\/revisions\/594"}],"wp:attachment":[{"href":"http:\/\/www.life4fir.com\/es\/wp-json\/wp\/v2\/media?parent=17"}],"curies":[{"name":"wp","href":"https:\/\/api.w.org\/{rel}","templated":true}]}}