{"id":59,"date":"2019-11-05T11:17:31","date_gmt":"2019-11-05T10:17:31","guid":{"rendered":"http:\/\/www.life4fir.com\/?page_id=59"},"modified":"2019-11-13T15:53:00","modified_gmt":"2019-11-13T14:53:00","slug":"the-life-programme","status":"publish","type":"page","link":"http:\/\/www.life4fir.com\/es\/the-life-programme\/","title":{"rendered":"El programa LIFE"},"content":{"rendered":"<p>A trav\u00e9s del <strong><a href=\"https:\/\/ec.europa.eu\/easme\/en\/life\">programa LIFE<\/a>, la Uni\u00f3n Europea proporciona fondos para proyectos para salvaguardar el medio ambiente y la naturaleza<\/strong>.<\/p>\n<p>El programa LIFE comenz\u00f3 en 1992 y hasta la fecha ha cofinanciado m\u00e1s de 4.600 proyectos. Hasta 2013, LIFE hab\u00eda contribuido con aproximadamente 3.100 millones de euros a la protecci\u00f3n del medio ambiente. Durante el actual per\u00edodo de financiaci\u00f3n 2014-2020, el programa contribuir\u00e1 con aproximadamente 3.400 millones de euros m\u00e1s.<\/p>\n<p>&nbsp;<\/p>\n<p>Varios programas LIFE han seguido desde 1992:<\/p>\n<ul>\n<li style=\"list-style-type: none;\">\n<ul>\n<li><strong>LIFE I (1992-1995)<\/strong>: LIFE I financi\u00f3 un total de 731 proyectos centrados en la promoci\u00f3n de desarrollos sostenibles y la calidad del medio ambiente; protecci\u00f3n de h\u00e1bitats y de la naturaleza; estructuras administrativas y servicios ambientales; educaci\u00f3n, formaci\u00f3n e informaci\u00f3n; y acciones en pa\u00edses fuera de la UE;<\/li>\n<li><strong>LIFE II (1996-1999)<\/strong>: LIFE II se dividi\u00f3 en 3 categor\u00edas \u2192 LIFE-Naturaleza dedicada a acciones maduras y de conservaci\u00f3n, LIFE-Medio ambiente dedicado a acciones para implementar la pol\u00edtica y legislaci\u00f3n ambiental de la UE, y LIFE-Terceros pa\u00edses que abordaron acciones en pa\u00edses a orillas del mar Mediterr\u00e1neo y del mar B\u00e1ltico. El presupuesto del programa se increment\u00f3 a 450 ecus para la segunda fase;<\/li>\n<li><strong>LIFE III (2000-2004 y luego se extendi\u00f3 hasta finales de 2006)<\/strong>: LIFE III funcion\u00f3 durante 5 a\u00f1os con un presupuesto incrementado de \u20ac 640 millones. Se continu\u00f3 con el alcance del programa de LIFE II y se introdujeron nuevas medidas de acompa\u00f1amiento para alentar m\u00e1s proyectos multinacionales y la creaci\u00f3n de redes entre los proyectos;<\/li>\n<li><strong>LIFE + (2007-2013)<\/strong>: LIFE + funcion\u00f3 durante 7 a\u00f1os con un presupuesto aumentado de 2.143 millones de euros. Se dividi\u00f3 en 3 categor\u00edas: LIFE + Naturaleza y biodiversidad, que continu\u00f3 y ampli\u00f3 el antiguo programa LIFE Naturaleza; Pol\u00edtica y gobernanza del medio ambiente LIFE + que continu\u00f3 y ampli\u00f3 el antiguo programa de medio ambiente LIFE; y LIFE + Informaci\u00f3n y comunicaci\u00f3n, un nuevo componente para cofinanciar proyectos relacionados con campa\u00f1as de comunicaci\u00f3n y sensibilizaci\u00f3n;<\/li>\n<li><strong>LIFE (2014-2020)<\/strong>: El programa LIFE actual tiene un presupuesto de \u20ac 3.4 mil millones. Se divide en dos subprogramas, uno para el medio ambiente (que representa el 75% de la dotaci\u00f3n financiera general) y otro para la acci\u00f3n clim\u00e1tica (que representa el 25% de la dotaci\u00f3n financiera). Tambi\u00e9n hay una nueva categor\u00eda \u00abproyectos integrados financiados conjuntamente\u00bb, que operar\u00e1 a gran escala territorial.<\/li>\n<\/ul>\n<\/li>\n<\/ul>\n<p>Actualmente se est\u00e1 definiendo el <a href=\"https:\/\/ec.europa.eu\/easme\/en\/life\">programa LIFE 2021-27<\/a>, para el cual la Comisi\u00f3n Europea propone elevar el presupuesto del programa LIFE a \u20ac 5,45 mil millones entre 2021 y 2027. El nuevo programa LIFE tendr\u00eda cuatro subprogramas: naturaleza y biodiversidad; econom\u00eda circular y calidad de vida; mitigaci\u00f3n y adaptaci\u00f3n al cambio clim\u00e1tico; y transici\u00f3n de energ\u00eda limpia.<\/p>\n<p>&nbsp;<\/p>\n<p><strong>El programa LIFE actual se divide en dos subprogramas<\/strong>:<\/p>\n<ol>\n<li style=\"list-style-type: none;\">\n<ol>\n<li>uno para la acci\u00f3n clim\u00e1tica;<\/li>\n<li>uno para el medio ambiente: este subprograma a su vez se subdivide en\n<ul>\n<li>Medio ambiente y eficiencia de recursos<\/li>\n<li>Gobernanza ambiental e informaci\u00f3n<\/li>\n<li>Naturaleza y biodiversidad.<\/li>\n<\/ul>\n<\/li>\n<\/ol>\n<\/li>\n<\/ol>\n<p><span style=\"text-decoration: underline;\">LIFE4FIR se puede clasificar en la \u00faltima categor\u00eda, Naturaleza y biodiversidad<\/span>. El subprograma de medio ambiente financia proyectos de conservaci\u00f3n de la naturaleza, en particular en las \u00e1reas de biodiversidad, h\u00e1bitats en peligro y especies en peligro de extinci\u00f3n. Proporciona subvenciones de acci\u00f3n para las mejores pr\u00e1cticas, proyectos piloto y de demostraci\u00f3n que contribuyen a la implementaci\u00f3n de la <a href=\"https:\/\/ec.europa.eu\/environment\/nature\/legislation\/habitatsdirective\/index_en.htm\">directiva de h\u00e1bitats de la UE<\/a>, la <a href=\"https:\/\/ec.europa.eu\/environment\/nature\/legislation\/birdsdirective\/index_en.htm\">directiva de aves de la UE<\/a>, <a href=\"https:\/\/ec.europa.eu\/environment\/nature\/biodiversity\/strategy\/index_en.htm\">la estrategia de biodiversidad de la UE para 2020<\/a> y el desarrollo, implementaci\u00f3n y gesti\u00f3n de la red <a href=\"https:\/\/ec.europa.eu\/environment\/nature\/natura2000\/index_en.htm\">Natura 2000<\/a>.<\/p>\n<p>El oso pardo, la foca monje y el lobo se encuentran entre las especies que m\u00e1s se han beneficiado de los proyectos LIFE. M\u00e1s de 400, m\u00e1s de un tercio, de las especies en peligro de extinci\u00f3n que figuran en las Directivas de Aves y H\u00e1bitats han sido objeto de al menos un proyecto LIFE. Los fondos LIFE tambi\u00e9n financiaron m\u00e1s de 1 000 planes de gesti\u00f3n en la red Natura 2000. Este es un paso importante en la lucha contra la p\u00e9rdida de biodiversidad. Otros proyectos crearon corredores ecol\u00f3gicos y h\u00e1bitats urbanos para especies silvestres, introdujeron medidas de adaptaci\u00f3n al cambio clim\u00e1tico, apoyaron servicios ecosist\u00e9micos y crearon conciencia sobre la importancia de la biodiversidad. M\u00e1s de 100 proyectos LIFE han ayudado a abordar el problema de las especies ex\u00f3ticas invasoras, centr\u00e1ndose en particular en especies como el vis\u00f3n americano, el pol\u00edgono japon\u00e9s y varios tipos de camarones no nativos.<\/p>","protected":false},"excerpt":{"rendered":"<p>A trav\u00e9s del programa LIFE, la Uni\u00f3n Europea proporciona fondos para proyectos para salvaguardar el medio ambiente y la naturaleza. El programa LIFE comenz\u00f3 en 1992 y hasta la fecha ha cofinanciado m\u00e1s de 4.600 proyectos. Hasta 2013, LIFE hab\u00eda contribuido con aproximadamente 3.100 millones de euros a la protecci\u00f3n del medio ambiente. Durante el &hellip; <\/p>\n<p class=\"link-more\"><a href=\"http:\/\/www.life4fir.com\/es\/the-life-programme\/\" class=\"more-link\">Continuar leyendo<span class=\"screen-reader-text\"> \u00abEl programa LIFE\u00bb<\/span><\/a><\/p>\n","protected":false},"author":1,"featured_media":0,"parent":0,"menu_order":0,"comment_status":"closed","ping_status":"closed","template":"","meta":[],"yoast_head":"<!-- This site is optimized with the Yoast SEO plugin v16.7 - https:\/\/yoast.com\/wordpress\/plugins\/seo\/ -->\n<title>El programa LIFE - LIFE4FIR<\/title>\n<meta name=\"robots\" content=\"index, follow, max-snippet:-1, max-image-preview:large, max-video-preview:-1\" \/>\n<link rel=\"canonical\" href=\"http:\/\/www.life4fir.com\/it\/the-life-programme\/\" \/>\n<meta property=\"og:locale\" content=\"es_ES\" \/>\n<meta property=\"og:type\" content=\"article\" \/>\n<meta property=\"og:title\" content=\"[:it]Il Programma LIFE[:en]The LIFE Programme[:es]El programa LIFE[:] - LIFE4FIR\" \/>\n<meta property=\"og:description\" content=\"A trav\u00e9s del programa LIFE, la Uni\u00f3n Europea proporciona fondos para proyectos para salvaguardar el medio ambiente y la naturaleza. El programa LIFE comenz\u00f3 en 1992 y hasta la fecha ha cofinanciado m\u00e1s de 4.600 proyectos. Hasta 2013, LIFE hab\u00eda contribuido con aproximadamente 3.100 millones de euros a la protecci\u00f3n del medio ambiente. Durante el &hellip; Continuar leyendo &quot;El programa LIFE&quot;\" \/>\n<meta property=\"og:url\" content=\"http:\/\/www.life4fir.com\/it\/the-life-programme\/\" \/>\n<meta property=\"og:site_name\" content=\"LIFE4FIR\" \/>\n<meta property=\"article:modified_time\" content=\"2019-11-13T14:53:00+00:00\" \/>\n<meta name=\"twitter:card\" content=\"summary_large_image\" \/>\n<meta name=\"twitter:label1\" content=\"Tiempo de lectura\" \/>\n\t<meta name=\"twitter:data1\" content=\"10 minutos\" \/>\n<script type=\"application\/ld+json\" class=\"yoast-schema-graph\">{\"@context\":\"https:\/\/schema.org\",\"@graph\":[{\"@type\":\"WebSite\",\"@id\":\"http:\/\/www.life4fir.com\/it\/#website\",\"url\":\"http:\/\/www.life4fir.com\/it\/\",\"name\":\"LIFE4FIR\",\"description\":\"Decisive in situ and ex situ conservation strategies to secure the critically endangered Sicilian fir, Abies nebrodensis\",\"potentialAction\":[{\"@type\":\"SearchAction\",\"target\":{\"@type\":\"EntryPoint\",\"urlTemplate\":\"http:\/\/www.life4fir.com\/it\/?s={search_term_string}\"},\"query-input\":\"required name=search_term_string\"}],\"inLanguage\":\"es\"},{\"@type\":\"WebPage\",\"@id\":\"http:\/\/www.life4fir.com\/it\/the-life-programme\/#webpage\",\"url\":\"http:\/\/www.life4fir.com\/it\/the-life-programme\/\",\"name\":\"[:it]Il Programma LIFE[:en]The LIFE Programme[:es]El programa LIFE[:] - LIFE4FIR\",\"isPartOf\":{\"@id\":\"http:\/\/www.life4fir.com\/it\/#website\"},\"datePublished\":\"2019-11-05T10:17:31+00:00\",\"dateModified\":\"2019-11-13T14:53:00+00:00\",\"breadcrumb\":{\"@id\":\"http:\/\/www.life4fir.com\/it\/the-life-programme\/#breadcrumb\"},\"inLanguage\":\"es\",\"potentialAction\":[{\"@type\":\"ReadAction\",\"target\":[\"http:\/\/www.life4fir.com\/it\/the-life-programme\/\"]}]},{\"@type\":\"BreadcrumbList\",\"@id\":\"http:\/\/www.life4fir.com\/it\/the-life-programme\/#breadcrumb\",\"itemListElement\":[{\"@type\":\"ListItem\",\"position\":1,\"name\":\"Home\",\"item\":\"http:\/\/www.life4fir.com\/\"},{\"@type\":\"ListItem\",\"position\":2,\"name\":\"Il Programma LIFE\"}]}]}<\/script>\n<!-- \/ Yoast SEO plugin. -->","yoast_head_json":{"title":"[:it]Il Programma LIFE[:en]The LIFE Programme[:es]El programa LIFE[:] - LIFE4FIR","robots":{"index":"index","follow":"follow","max-snippet":"max-snippet:-1","max-image-preview":"max-image-preview:large","max-video-preview":"max-video-preview:-1"},"canonical":"http:\/\/www.life4fir.com\/it\/the-life-programme\/","og_locale":"es_ES","og_type":"article","og_title":"[:it]Il Programma LIFE[:en]The LIFE Programme[:es]El programa LIFE[:] - LIFE4FIR","og_description":"A trav\u00e9s del programa LIFE, la Uni\u00f3n Europea proporciona fondos para proyectos para salvaguardar el medio ambiente y la naturaleza. El programa LIFE comenz\u00f3 en 1992 y hasta la fecha ha cofinanciado m\u00e1s de 4.600 proyectos. Hasta 2013, LIFE hab\u00eda contribuido con aproximadamente 3.100 millones de euros a la protecci\u00f3n del medio ambiente. Durante el &hellip; Continuar leyendo \"El programa LIFE\"","og_url":"http:\/\/www.life4fir.com\/it\/the-life-programme\/","og_site_name":"LIFE4FIR","article_modified_time":"2019-11-13T14:53:00+00:00","twitter_card":"summary_large_image","twitter_misc":{"Tiempo de lectura":"10 minutos"},"schema":{"@context":"https:\/\/schema.org","@graph":[{"@type":"WebSite","@id":"http:\/\/www.life4fir.com\/it\/#website","url":"http:\/\/www.life4fir.com\/it\/","name":"LIFE4FIR","description":"Decisive in situ and ex situ conservation strategies to secure the critically endangered Sicilian fir, Abies nebrodensis","potentialAction":[{"@type":"SearchAction","target":{"@type":"EntryPoint","urlTemplate":"http:\/\/www.life4fir.com\/it\/?s={search_term_string}"},"query-input":"required name=search_term_string"}],"inLanguage":"es"},{"@type":"WebPage","@id":"http:\/\/www.life4fir.com\/it\/the-life-programme\/#webpage","url":"http:\/\/www.life4fir.com\/it\/the-life-programme\/","name":"[:it]Il Programma LIFE[:en]The LIFE Programme[:es]El programa LIFE[:] - LIFE4FIR","isPartOf":{"@id":"http:\/\/www.life4fir.com\/it\/#website"},"datePublished":"2019-11-05T10:17:31+00:00","dateModified":"2019-11-13T14:53:00+00:00","breadcrumb":{"@id":"http:\/\/www.life4fir.com\/it\/the-life-programme\/#breadcrumb"},"inLanguage":"es","potentialAction":[{"@type":"ReadAction","target":["http:\/\/www.life4fir.com\/it\/the-life-programme\/"]}]},{"@type":"BreadcrumbList","@id":"http:\/\/www.life4fir.com\/it\/the-life-programme\/#breadcrumb","itemListElement":[{"@type":"ListItem","position":1,"name":"Home","item":"http:\/\/www.life4fir.com\/"},{"@type":"ListItem","position":2,"name":"Il Programma LIFE"}]}]}},"_links":{"self":[{"href":"http:\/\/www.life4fir.com\/es\/wp-json\/wp\/v2\/pages\/59"}],"collection":[{"href":"http:\/\/www.life4fir.com\/es\/wp-json\/wp\/v2\/pages"}],"about":[{"href":"http:\/\/www.life4fir.com\/es\/wp-json\/wp\/v2\/types\/page"}],"author":[{"embeddable":true,"href":"http:\/\/www.life4fir.com\/es\/wp-json\/wp\/v2\/users\/1"}],"replies":[{"embeddable":true,"href":"http:\/\/www.life4fir.com\/es\/wp-json\/wp\/v2\/comments?post=59"}],"version-history":[{"count":4,"href":"http:\/\/www.life4fir.com\/es\/wp-json\/wp\/v2\/pages\/59\/revisions"}],"predecessor-version":[{"id":200,"href":"http:\/\/www.life4fir.com\/es\/wp-json\/wp\/v2\/pages\/59\/revisions\/200"}],"wp:attachment":[{"href":"http:\/\/www.life4fir.com\/es\/wp-json\/wp\/v2\/media?parent=59"}],"curies":[{"name":"wp","href":"https:\/\/api.w.org\/{rel}","templated":true}]}}