{"id":75,"date":"2019-11-05T12:13:06","date_gmt":"2019-11-05T11:13:06","guid":{"rendered":"http:\/\/www.life4fir.com\/?page_id=75"},"modified":"2019-11-05T12:13:06","modified_gmt":"2019-11-05T11:13:06","slug":"interdepartmental-research-center-on-the-technology-environment-interaction-of-the-university-of-palermo","status":"publish","type":"page","link":"http:\/\/www.life4fir.com\/es\/interdepartmental-research-center-on-the-technology-environment-interaction-of-the-university-of-palermo\/","title":{"rendered":"Centro de Investigaci\u00f3n Interdepartamental sobre la Interacci\u00f3n Tecnolog\u00eda-Medio Ambiente de la Universidad de Palermo."},"content":{"rendered":"<p><\/p>\n<div class=\"wp-block-image\">\n<figure class=\"aligncenter size-large is-resized\"><a href=\"http:\/\/www.unipa.it\/\"><img loading=\"lazy\" class=\"wp-image-67\" src=\"https:\/\/life4fir.files.wordpress.com\/2019\/09\/cirita.png?w=1024\" sizes=\"(max-width: 421px) 100vw, 421px\" srcset=\"https:\/\/life4fir.files.wordpress.com\/2019\/09\/cirita.png?w=419 419w, https:\/\/life4fir.files.wordpress.com\/2019\/09\/cirita.png?w=839 839w, https:\/\/life4fir.files.wordpress.com\/2019\/09\/cirita.png?w=150 150w, https:\/\/life4fir.files.wordpress.com\/2019\/09\/cirita.png?w=300 300w, https:\/\/life4fir.files.wordpress.com\/2019\/09\/cirita.png?w=768 768w\" alt=\"\" width=\"421\" height=\"247\" data-attachment-id=\"67\" data-permalink=\"https:\/\/life4fir.wordpress.com\/cirita\/\" data-orig-file=\"https:\/\/life4fir.files.wordpress.com\/2019\/09\/cirita.png\" data-orig-size=\"1319,777\" data-comments-opened=\"1\" data-image-meta=\"{&quot;aperture&quot;:&quot;0&quot;,&quot;credit&quot;:&quot;&quot;,&quot;camera&quot;:&quot;&quot;,&quot;caption&quot;:&quot;&quot;,&quot;created_timestamp&quot;:&quot;0&quot;,&quot;copyright&quot;:&quot;&quot;,&quot;focal_length&quot;:&quot;0&quot;,&quot;iso&quot;:&quot;0&quot;,&quot;shutter_speed&quot;:&quot;0&quot;,&quot;title&quot;:&quot;&quot;,&quot;orientation&quot;:&quot;0&quot;}\" data-image-title=\"cirita\" data-image-description=\"\" data-medium-file=\"https:\/\/life4fir.files.wordpress.com\/2019\/09\/cirita.png?w=300\" data-large-file=\"https:\/\/life4fir.files.wordpress.com\/2019\/09\/cirita.png?w=750\" \/><\/a><\/figure>\n<\/div>\n<p>La Universidad de Palermo participar\u00e1 en el proyecto a trav\u00e9s de su Centro de investigaci\u00f3n interdepartamental sobre interacci\u00f3n tecnol\u00f3gica, que se ocupa de la investigaci\u00f3n de todos los aspectos de los cambios inducidos por la tecnolog\u00eda en los ecosistemas y los medios para prevenir todos los impactos negativos debido a la modificaci\u00f3n de los ecosistemas. El objetivo del centro es el desarrollo de metodolog\u00edas y la provisi\u00f3n de servicios de investigaci\u00f3n cient\u00edfica aplicada que caigan dentro de la problem\u00e1tica de la relaci\u00f3n correcta entre ambientes naturales y artificiales. En particular, el Centro opera en los campos de biolog\u00eda, ecolog\u00eda, geolog\u00eda, biodiversidad vegetal y animal, qu\u00edmica ambiental, ingenier\u00eda naturalista, planificaci\u00f3n del paisaje, etc.<\/p>","protected":false},"excerpt":{"rendered":"<p>La Universidad de Palermo participar\u00e1 en el proyecto a trav\u00e9s de su Centro de investigaci\u00f3n interdepartamental sobre interacci\u00f3n tecnol\u00f3gica, que se ocupa de la investigaci\u00f3n de todos los aspectos de los cambios inducidos por la tecnolog\u00eda en los ecosistemas y los medios para prevenir todos los impactos negativos debido a la modificaci\u00f3n de los ecosistemas. &hellip; <\/p>\n<p class=\"link-more\"><a href=\"http:\/\/www.life4fir.com\/es\/interdepartmental-research-center-on-the-technology-environment-interaction-of-the-university-of-palermo\/\" class=\"more-link\">Continuar leyendo<span class=\"screen-reader-text\"> \u00abCentro de Investigaci\u00f3n Interdepartamental sobre la Interacci\u00f3n Tecnolog\u00eda-Medio Ambiente de la Universidad de Palermo.\u00bb<\/span><\/a><\/p>\n","protected":false},"author":1,"featured_media":0,"parent":0,"menu_order":0,"comment_status":"closed","ping_status":"closed","template":"","meta":[],"yoast_head":"<!-- This site is optimized with the Yoast SEO plugin v16.7 - https:\/\/yoast.com\/wordpress\/plugins\/seo\/ -->\n<title>Centro de Investigaci\u00f3n Interdepartamental sobre la Interacci\u00f3n Tecnolog\u00eda-Medio Ambiente de la Universidad de Palermo. - LIFE4FIR<\/title>\n<meta name=\"robots\" content=\"index, follow, max-snippet:-1, max-image-preview:large, max-video-preview:-1\" \/>\n<link rel=\"canonical\" href=\"http:\/\/www.life4fir.com\/es\/interdepartmental-research-center-on-the-technology-environment-interaction-of-the-university-of-palermo\/\" \/>\n<meta property=\"og:locale\" content=\"es_ES\" \/>\n<meta property=\"og:type\" content=\"article\" \/>\n<meta property=\"og:title\" content=\"[:it]Centro Interdipartimentale di Ricerche sulla Interazione Tecnologia-Ambiente dell\u2019Universit\u00e0 di Palermo[:en]Interdepartmental Research Center on the Technology-Environment Interaction of the University of Palermo[:es]Centro de Investigaci\u00f3n Interdepartamental sobre la Interacci\u00f3n Tecnolog\u00eda-Medio Ambiente de la Universidad de Palermo.[:] - LIFE4FIR\" \/>\n<meta property=\"og:description\" content=\"La Universidad de Palermo participar\u00e1 en el proyecto a trav\u00e9s de su Centro de investigaci\u00f3n interdepartamental sobre interacci\u00f3n tecnol\u00f3gica, que se ocupa de la investigaci\u00f3n de todos los aspectos de los cambios inducidos por la tecnolog\u00eda en los ecosistemas y los medios para prevenir todos los impactos negativos debido a la modificaci\u00f3n de los ecosistemas. &hellip; Continuar leyendo &quot;Centro de Investigaci\u00f3n Interdepartamental sobre la Interacci\u00f3n Tecnolog\u00eda-Medio Ambiente de la Universidad de Palermo.&quot;\" \/>\n<meta property=\"og:url\" content=\"http:\/\/www.life4fir.com\/es\/interdepartmental-research-center-on-the-technology-environment-interaction-of-the-university-of-palermo\/\" \/>\n<meta property=\"og:site_name\" content=\"LIFE4FIR\" \/>\n<meta property=\"og:image\" content=\"https:\/\/life4fir.files.wordpress.com\/2019\/09\/cirita.png?w=1024\" \/>\n<meta name=\"twitter:card\" content=\"summary_large_image\" \/>\n<meta name=\"twitter:label1\" content=\"Tiempo de lectura\" \/>\n\t<meta name=\"twitter:data1\" content=\"2 minutos\" \/>\n<script type=\"application\/ld+json\" class=\"yoast-schema-graph\">{\"@context\":\"https:\/\/schema.org\",\"@graph\":[{\"@type\":\"WebSite\",\"@id\":\"http:\/\/www.life4fir.com\/it\/#website\",\"url\":\"http:\/\/www.life4fir.com\/it\/\",\"name\":\"LIFE4FIR\",\"description\":\"Decisive in situ and ex situ conservation strategies to secure the critically endangered Sicilian fir, Abies nebrodensis\",\"potentialAction\":[{\"@type\":\"SearchAction\",\"target\":{\"@type\":\"EntryPoint\",\"urlTemplate\":\"http:\/\/www.life4fir.com\/it\/?s={search_term_string}\"},\"query-input\":\"required name=search_term_string\"}],\"inLanguage\":\"es\"},{\"@type\":\"ImageObject\",\"@id\":\"http:\/\/www.life4fir.com\/es\/interdepartmental-research-center-on-the-technology-environment-interaction-of-the-university-of-palermo\/#primaryimage\",\"inLanguage\":\"es\",\"url\":\"https:\/\/life4fir.files.wordpress.com\/2019\/09\/cirita.png?w=1024\",\"contentUrl\":\"https:\/\/life4fir.files.wordpress.com\/2019\/09\/cirita.png?w=1024\"},{\"@type\":\"WebPage\",\"@id\":\"http:\/\/www.life4fir.com\/es\/interdepartmental-research-center-on-the-technology-environment-interaction-of-the-university-of-palermo\/#webpage\",\"url\":\"http:\/\/www.life4fir.com\/es\/interdepartmental-research-center-on-the-technology-environment-interaction-of-the-university-of-palermo\/\",\"name\":\"[:it]Centro Interdipartimentale di Ricerche sulla Interazione Tecnologia-Ambiente dell\\u2019Universit\\u00e0 di Palermo[:en]Interdepartmental Research Center on the Technology-Environment Interaction of the University of Palermo[:es]Centro de Investigaci\\u00f3n Interdepartamental sobre la Interacci\\u00f3n Tecnolog\\u00eda-Medio Ambiente de la Universidad de Palermo.[:] - LIFE4FIR\",\"isPartOf\":{\"@id\":\"http:\/\/www.life4fir.com\/it\/#website\"},\"primaryImageOfPage\":{\"@id\":\"http:\/\/www.life4fir.com\/es\/interdepartmental-research-center-on-the-technology-environment-interaction-of-the-university-of-palermo\/#primaryimage\"},\"datePublished\":\"2019-11-05T11:13:06+00:00\",\"dateModified\":\"2019-11-05T11:13:06+00:00\",\"breadcrumb\":{\"@id\":\"http:\/\/www.life4fir.com\/es\/interdepartmental-research-center-on-the-technology-environment-interaction-of-the-university-of-palermo\/#breadcrumb\"},\"inLanguage\":\"es\",\"potentialAction\":[{\"@type\":\"ReadAction\",\"target\":[\"http:\/\/www.life4fir.com\/es\/interdepartmental-research-center-on-the-technology-environment-interaction-of-the-university-of-palermo\/\"]}]},{\"@type\":\"BreadcrumbList\",\"@id\":\"http:\/\/www.life4fir.com\/es\/interdepartmental-research-center-on-the-technology-environment-interaction-of-the-university-of-palermo\/#breadcrumb\",\"itemListElement\":[{\"@type\":\"ListItem\",\"position\":1,\"name\":\"Home\",\"item\":\"http:\/\/www.life4fir.com\/\"},{\"@type\":\"ListItem\",\"position\":2,\"name\":\"Centro de Investigaci\\u00f3n Interdepartamental sobre la Interacci\\u00f3n Tecnolog\\u00eda-Medio Ambiente de la Universidad de Palermo.\"}]}]}<\/script>\n<!-- \/ Yoast SEO plugin. -->","yoast_head_json":{"title":"[:it]Centro Interdipartimentale di Ricerche sulla Interazione Tecnologia-Ambiente dell\u2019Universit\u00e0 di Palermo[:en]Interdepartmental Research Center on the Technology-Environment Interaction of the University of Palermo[:es]Centro de Investigaci\u00f3n Interdepartamental sobre la Interacci\u00f3n Tecnolog\u00eda-Medio Ambiente de la Universidad de Palermo.[:] - LIFE4FIR","robots":{"index":"index","follow":"follow","max-snippet":"max-snippet:-1","max-image-preview":"max-image-preview:large","max-video-preview":"max-video-preview:-1"},"canonical":"http:\/\/www.life4fir.com\/es\/interdepartmental-research-center-on-the-technology-environment-interaction-of-the-university-of-palermo\/","og_locale":"es_ES","og_type":"article","og_title":"[:it]Centro Interdipartimentale di Ricerche sulla Interazione Tecnologia-Ambiente dell\u2019Universit\u00e0 di Palermo[:en]Interdepartmental Research Center on the Technology-Environment Interaction of the University of Palermo[:es]Centro de Investigaci\u00f3n Interdepartamental sobre la Interacci\u00f3n Tecnolog\u00eda-Medio Ambiente de la Universidad de Palermo.[:] - LIFE4FIR","og_description":"La Universidad de Palermo participar\u00e1 en el proyecto a trav\u00e9s de su Centro de investigaci\u00f3n interdepartamental sobre interacci\u00f3n tecnol\u00f3gica, que se ocupa de la investigaci\u00f3n de todos los aspectos de los cambios inducidos por la tecnolog\u00eda en los ecosistemas y los medios para prevenir todos los impactos negativos debido a la modificaci\u00f3n de los ecosistemas. &hellip; Continuar leyendo \"Centro de Investigaci\u00f3n Interdepartamental sobre la Interacci\u00f3n Tecnolog\u00eda-Medio Ambiente de la Universidad de Palermo.\"","og_url":"http:\/\/www.life4fir.com\/es\/interdepartmental-research-center-on-the-technology-environment-interaction-of-the-university-of-palermo\/","og_site_name":"LIFE4FIR","og_image":[{"url":"https:\/\/life4fir.files.wordpress.com\/2019\/09\/cirita.png?w=1024"}],"twitter_card":"summary_large_image","twitter_misc":{"Tiempo de lectura":"2 minutos"},"schema":{"@context":"https:\/\/schema.org","@graph":[{"@type":"WebSite","@id":"http:\/\/www.life4fir.com\/it\/#website","url":"http:\/\/www.life4fir.com\/it\/","name":"LIFE4FIR","description":"Decisive in situ and ex situ conservation strategies to secure the critically endangered Sicilian fir, Abies nebrodensis","potentialAction":[{"@type":"SearchAction","target":{"@type":"EntryPoint","urlTemplate":"http:\/\/www.life4fir.com\/it\/?s={search_term_string}"},"query-input":"required name=search_term_string"}],"inLanguage":"es"},{"@type":"ImageObject","@id":"http:\/\/www.life4fir.com\/es\/interdepartmental-research-center-on-the-technology-environment-interaction-of-the-university-of-palermo\/#primaryimage","inLanguage":"es","url":"https:\/\/life4fir.files.wordpress.com\/2019\/09\/cirita.png?w=1024","contentUrl":"https:\/\/life4fir.files.wordpress.com\/2019\/09\/cirita.png?w=1024"},{"@type":"WebPage","@id":"http:\/\/www.life4fir.com\/es\/interdepartmental-research-center-on-the-technology-environment-interaction-of-the-university-of-palermo\/#webpage","url":"http:\/\/www.life4fir.com\/es\/interdepartmental-research-center-on-the-technology-environment-interaction-of-the-university-of-palermo\/","name":"[:it]Centro Interdipartimentale di Ricerche sulla Interazione Tecnologia-Ambiente dell\u2019Universit\u00e0 di Palermo[:en]Interdepartmental Research Center on the Technology-Environment Interaction of the University of Palermo[:es]Centro de Investigaci\u00f3n Interdepartamental sobre la Interacci\u00f3n Tecnolog\u00eda-Medio Ambiente de la Universidad de Palermo.[:] - LIFE4FIR","isPartOf":{"@id":"http:\/\/www.life4fir.com\/it\/#website"},"primaryImageOfPage":{"@id":"http:\/\/www.life4fir.com\/es\/interdepartmental-research-center-on-the-technology-environment-interaction-of-the-university-of-palermo\/#primaryimage"},"datePublished":"2019-11-05T11:13:06+00:00","dateModified":"2019-11-05T11:13:06+00:00","breadcrumb":{"@id":"http:\/\/www.life4fir.com\/es\/interdepartmental-research-center-on-the-technology-environment-interaction-of-the-university-of-palermo\/#breadcrumb"},"inLanguage":"es","potentialAction":[{"@type":"ReadAction","target":["http:\/\/www.life4fir.com\/es\/interdepartmental-research-center-on-the-technology-environment-interaction-of-the-university-of-palermo\/"]}]},{"@type":"BreadcrumbList","@id":"http:\/\/www.life4fir.com\/es\/interdepartmental-research-center-on-the-technology-environment-interaction-of-the-university-of-palermo\/#breadcrumb","itemListElement":[{"@type":"ListItem","position":1,"name":"Home","item":"http:\/\/www.life4fir.com\/"},{"@type":"ListItem","position":2,"name":"Centro de Investigaci\u00f3n Interdepartamental sobre la Interacci\u00f3n Tecnolog\u00eda-Medio Ambiente de la Universidad de Palermo."}]}]}},"_links":{"self":[{"href":"http:\/\/www.life4fir.com\/es\/wp-json\/wp\/v2\/pages\/75"}],"collection":[{"href":"http:\/\/www.life4fir.com\/es\/wp-json\/wp\/v2\/pages"}],"about":[{"href":"http:\/\/www.life4fir.com\/es\/wp-json\/wp\/v2\/types\/page"}],"author":[{"embeddable":true,"href":"http:\/\/www.life4fir.com\/es\/wp-json\/wp\/v2\/users\/1"}],"replies":[{"embeddable":true,"href":"http:\/\/www.life4fir.com\/es\/wp-json\/wp\/v2\/comments?post=75"}],"version-history":[{"count":1,"href":"http:\/\/www.life4fir.com\/es\/wp-json\/wp\/v2\/pages\/75\/revisions"}],"predecessor-version":[{"id":76,"href":"http:\/\/www.life4fir.com\/es\/wp-json\/wp\/v2\/pages\/75\/revisions\/76"}],"wp:attachment":[{"href":"http:\/\/www.life4fir.com\/es\/wp-json\/wp\/v2\/media?parent=75"}],"curies":[{"name":"wp","href":"https:\/\/api.w.org\/{rel}","templated":true}]}}