{"id":79,"date":"2019-11-05T12:15:33","date_gmt":"2019-11-05T11:15:33","guid":{"rendered":"http:\/\/www.life4fir.com\/?page_id=79"},"modified":"2019-11-05T12:15:33","modified_gmt":"2019-11-05T11:15:33","slug":"university-of-seville","status":"publish","type":"page","link":"http:\/\/www.life4fir.com\/es\/university-of-seville\/","title":{"rendered":"Universidad de Sevilla"},"content":{"rendered":"<p><\/p>\n<div class=\"wp-block-image\">\n<figure class=\"aligncenter size-large is-resized\"><a href=\"http:\/\/www.us.es\/\"><img loading=\"lazy\" class=\"wp-image-74\" src=\"https:\/\/life4fir.files.wordpress.com\/2019\/09\/emblema_universidad_de_sevilla.png?w=1024\" sizes=\"(max-width: 341px) 100vw, 341px\" srcset=\"https:\/\/life4fir.files.wordpress.com\/2019\/09\/emblema_universidad_de_sevilla.png?w=341 341w, https:\/\/life4fir.files.wordpress.com\/2019\/09\/emblema_universidad_de_sevilla.png?w=682 682w, https:\/\/life4fir.files.wordpress.com\/2019\/09\/emblema_universidad_de_sevilla.png?w=150 150w, https:\/\/life4fir.files.wordpress.com\/2019\/09\/emblema_universidad_de_sevilla.png?w=300 300w\" alt=\"\" width=\"341\" height=\"302\" data-attachment-id=\"74\" data-permalink=\"https:\/\/life4fir.wordpress.com\/emblema_universidad_de_sevilla\/\" data-orig-file=\"https:\/\/life4fir.files.wordpress.com\/2019\/09\/emblema_universidad_de_sevilla.png\" data-orig-size=\"1155,1024\" data-comments-opened=\"1\" data-image-meta=\"{&quot;aperture&quot;:&quot;0&quot;,&quot;credit&quot;:&quot;&quot;,&quot;camera&quot;:&quot;&quot;,&quot;caption&quot;:&quot;&quot;,&quot;created_timestamp&quot;:&quot;0&quot;,&quot;copyright&quot;:&quot;&quot;,&quot;focal_length&quot;:&quot;0&quot;,&quot;iso&quot;:&quot;0&quot;,&quot;shutter_speed&quot;:&quot;0&quot;,&quot;title&quot;:&quot;&quot;,&quot;orientation&quot;:&quot;0&quot;}\" data-image-title=\"emblema_universidad_de_sevilla\" data-image-description=\"\" data-medium-file=\"https:\/\/life4fir.files.wordpress.com\/2019\/09\/emblema_universidad_de_sevilla.png?w=300\" data-large-file=\"https:\/\/life4fir.files.wordpress.com\/2019\/09\/emblema_universidad_de_sevilla.png?w=750\" \/><\/a><figcaption><\/figcaption><\/figure>\n<\/div>\n<p>Las l\u00edneas de investigaci\u00f3n del grupo de la Universidad de Sevilla se centran en la biolog\u00eda reproductiva de las plantas, la conservaci\u00f3n y el uso de herramientas moleculares para resolver cuestiones ecol\u00f3gicas y aclarar las relaciones filogen\u00e9ticas entre los taxones. El grupo tiene una amplia experiencia en el estudio de germospermas.<\/p>","protected":false},"excerpt":{"rendered":"<p>Las l\u00edneas de investigaci\u00f3n del grupo de la Universidad de Sevilla se centran en la biolog\u00eda reproductiva de las plantas, la conservaci\u00f3n y el uso de herramientas moleculares para resolver cuestiones ecol\u00f3gicas y aclarar las relaciones filogen\u00e9ticas entre los taxones. El grupo tiene una amplia experiencia en el estudio de germospermas.<\/p>\n","protected":false},"author":1,"featured_media":0,"parent":0,"menu_order":0,"comment_status":"closed","ping_status":"closed","template":"","meta":[],"yoast_head":"<!-- This site is optimized with the Yoast SEO plugin v16.7 - https:\/\/yoast.com\/wordpress\/plugins\/seo\/ -->\n<title>Universidad de Sevilla - LIFE4FIR<\/title>\n<meta name=\"robots\" content=\"index, follow, max-snippet:-1, max-image-preview:large, max-video-preview:-1\" \/>\n<link rel=\"canonical\" href=\"http:\/\/www.life4fir.com\/university-of-seville\/\" \/>\n<meta property=\"og:locale\" content=\"es_ES\" \/>\n<meta property=\"og:type\" content=\"article\" \/>\n<meta property=\"og:title\" content=\"[:it]Universit\u00e0 di Siviglia[:en]University of Seville[:es]Universidad de Sevilla[:] - LIFE4FIR\" \/>\n<meta property=\"og:description\" content=\"Las l\u00edneas de investigaci\u00f3n del grupo de la Universidad de Sevilla se centran en la biolog\u00eda reproductiva de las plantas, la conservaci\u00f3n y el uso de herramientas moleculares para resolver cuestiones ecol\u00f3gicas y aclarar las relaciones filogen\u00e9ticas entre los taxones. El grupo tiene una amplia experiencia en el estudio de germospermas.\" \/>\n<meta property=\"og:url\" content=\"http:\/\/www.life4fir.com\/university-of-seville\/\" \/>\n<meta property=\"og:site_name\" content=\"LIFE4FIR\" \/>\n<meta property=\"og:image\" content=\"https:\/\/life4fir.files.wordpress.com\/2019\/09\/emblema_universidad_de_sevilla.png?w=1024\" \/>\n<meta name=\"twitter:card\" content=\"summary_large_image\" \/>\n<meta name=\"twitter:label1\" content=\"Tiempo de lectura\" \/>\n\t<meta name=\"twitter:data1\" content=\"1 minuto\" \/>\n<script type=\"application\/ld+json\" class=\"yoast-schema-graph\">{\"@context\":\"https:\/\/schema.org\",\"@graph\":[{\"@type\":\"WebSite\",\"@id\":\"http:\/\/www.life4fir.com\/it\/#website\",\"url\":\"http:\/\/www.life4fir.com\/it\/\",\"name\":\"LIFE4FIR\",\"description\":\"Decisive in situ and ex situ conservation strategies to secure the critically endangered Sicilian fir, Abies nebrodensis\",\"potentialAction\":[{\"@type\":\"SearchAction\",\"target\":{\"@type\":\"EntryPoint\",\"urlTemplate\":\"http:\/\/www.life4fir.com\/it\/?s={search_term_string}\"},\"query-input\":\"required name=search_term_string\"}],\"inLanguage\":\"es\"},{\"@type\":\"ImageObject\",\"@id\":\"http:\/\/www.life4fir.com\/university-of-seville\/#primaryimage\",\"inLanguage\":\"es\",\"url\":\"https:\/\/life4fir.files.wordpress.com\/2019\/09\/emblema_universidad_de_sevilla.png?w=1024\",\"contentUrl\":\"https:\/\/life4fir.files.wordpress.com\/2019\/09\/emblema_universidad_de_sevilla.png?w=1024\"},{\"@type\":\"WebPage\",\"@id\":\"http:\/\/www.life4fir.com\/university-of-seville\/#webpage\",\"url\":\"http:\/\/www.life4fir.com\/university-of-seville\/\",\"name\":\"[:it]Universit\\u00e0 di Siviglia[:en]University of Seville[:es]Universidad de Sevilla[:] - LIFE4FIR\",\"isPartOf\":{\"@id\":\"http:\/\/www.life4fir.com\/it\/#website\"},\"primaryImageOfPage\":{\"@id\":\"http:\/\/www.life4fir.com\/university-of-seville\/#primaryimage\"},\"datePublished\":\"2019-11-05T11:15:33+00:00\",\"dateModified\":\"2019-11-05T11:15:33+00:00\",\"breadcrumb\":{\"@id\":\"http:\/\/www.life4fir.com\/university-of-seville\/#breadcrumb\"},\"inLanguage\":\"es\",\"potentialAction\":[{\"@type\":\"ReadAction\",\"target\":[\"http:\/\/www.life4fir.com\/university-of-seville\/\"]}]},{\"@type\":\"BreadcrumbList\",\"@id\":\"http:\/\/www.life4fir.com\/university-of-seville\/#breadcrumb\",\"itemListElement\":[{\"@type\":\"ListItem\",\"position\":1,\"name\":\"Home\",\"item\":\"http:\/\/www.life4fir.com\/\"},{\"@type\":\"ListItem\",\"position\":2,\"name\":\"University of Seville\"}]}]}<\/script>\n<!-- \/ Yoast SEO plugin. -->","yoast_head_json":{"title":"[:it]Universit\u00e0 di Siviglia[:en]University of Seville[:es]Universidad de Sevilla[:] - LIFE4FIR","robots":{"index":"index","follow":"follow","max-snippet":"max-snippet:-1","max-image-preview":"max-image-preview:large","max-video-preview":"max-video-preview:-1"},"canonical":"http:\/\/www.life4fir.com\/university-of-seville\/","og_locale":"es_ES","og_type":"article","og_title":"[:it]Universit\u00e0 di Siviglia[:en]University of Seville[:es]Universidad de Sevilla[:] - LIFE4FIR","og_description":"Las l\u00edneas de investigaci\u00f3n del grupo de la Universidad de Sevilla se centran en la biolog\u00eda reproductiva de las plantas, la conservaci\u00f3n y el uso de herramientas moleculares para resolver cuestiones ecol\u00f3gicas y aclarar las relaciones filogen\u00e9ticas entre los taxones. El grupo tiene una amplia experiencia en el estudio de germospermas.","og_url":"http:\/\/www.life4fir.com\/university-of-seville\/","og_site_name":"LIFE4FIR","og_image":[{"url":"https:\/\/life4fir.files.wordpress.com\/2019\/09\/emblema_universidad_de_sevilla.png?w=1024"}],"twitter_card":"summary_large_image","twitter_misc":{"Tiempo de lectura":"1 minuto"},"schema":{"@context":"https:\/\/schema.org","@graph":[{"@type":"WebSite","@id":"http:\/\/www.life4fir.com\/it\/#website","url":"http:\/\/www.life4fir.com\/it\/","name":"LIFE4FIR","description":"Decisive in situ and ex situ conservation strategies to secure the critically endangered Sicilian fir, Abies nebrodensis","potentialAction":[{"@type":"SearchAction","target":{"@type":"EntryPoint","urlTemplate":"http:\/\/www.life4fir.com\/it\/?s={search_term_string}"},"query-input":"required name=search_term_string"}],"inLanguage":"es"},{"@type":"ImageObject","@id":"http:\/\/www.life4fir.com\/university-of-seville\/#primaryimage","inLanguage":"es","url":"https:\/\/life4fir.files.wordpress.com\/2019\/09\/emblema_universidad_de_sevilla.png?w=1024","contentUrl":"https:\/\/life4fir.files.wordpress.com\/2019\/09\/emblema_universidad_de_sevilla.png?w=1024"},{"@type":"WebPage","@id":"http:\/\/www.life4fir.com\/university-of-seville\/#webpage","url":"http:\/\/www.life4fir.com\/university-of-seville\/","name":"[:it]Universit\u00e0 di Siviglia[:en]University of Seville[:es]Universidad de Sevilla[:] - LIFE4FIR","isPartOf":{"@id":"http:\/\/www.life4fir.com\/it\/#website"},"primaryImageOfPage":{"@id":"http:\/\/www.life4fir.com\/university-of-seville\/#primaryimage"},"datePublished":"2019-11-05T11:15:33+00:00","dateModified":"2019-11-05T11:15:33+00:00","breadcrumb":{"@id":"http:\/\/www.life4fir.com\/university-of-seville\/#breadcrumb"},"inLanguage":"es","potentialAction":[{"@type":"ReadAction","target":["http:\/\/www.life4fir.com\/university-of-seville\/"]}]},{"@type":"BreadcrumbList","@id":"http:\/\/www.life4fir.com\/university-of-seville\/#breadcrumb","itemListElement":[{"@type":"ListItem","position":1,"name":"Home","item":"http:\/\/www.life4fir.com\/"},{"@type":"ListItem","position":2,"name":"University of Seville"}]}]}},"_links":{"self":[{"href":"http:\/\/www.life4fir.com\/es\/wp-json\/wp\/v2\/pages\/79"}],"collection":[{"href":"http:\/\/www.life4fir.com\/es\/wp-json\/wp\/v2\/pages"}],"about":[{"href":"http:\/\/www.life4fir.com\/es\/wp-json\/wp\/v2\/types\/page"}],"author":[{"embeddable":true,"href":"http:\/\/www.life4fir.com\/es\/wp-json\/wp\/v2\/users\/1"}],"replies":[{"embeddable":true,"href":"http:\/\/www.life4fir.com\/es\/wp-json\/wp\/v2\/comments?post=79"}],"version-history":[{"count":1,"href":"http:\/\/www.life4fir.com\/es\/wp-json\/wp\/v2\/pages\/79\/revisions"}],"predecessor-version":[{"id":80,"href":"http:\/\/www.life4fir.com\/es\/wp-json\/wp\/v2\/pages\/79\/revisions\/80"}],"wp:attachment":[{"href":"http:\/\/www.life4fir.com\/es\/wp-json\/wp\/v2\/media?parent=79"}],"curies":[{"name":"wp","href":"https:\/\/api.w.org\/{rel}","templated":true}]}}