{"id":87,"date":"2019-11-05T12:21:12","date_gmt":"2019-11-05T11:21:12","guid":{"rendered":"http:\/\/www.life4fir.com\/?page_id=87"},"modified":"2024-11-12T07:20:51","modified_gmt":"2024-11-12T06:20:51","slug":"networking","status":"publish","type":"page","link":"http:\/\/www.life4fir.com\/es\/networking\/","title":{"rendered":"Networking"},"content":{"rendered":"<p><em><strong><a href=\"https:\/\/mycorestore.eu\/it\/life-mycorestore-2\/\"><img loading=\"lazy\" class=\"alignleft size-medium wp-image-280\" src=\"http:\/\/www.life4fir.com\/wp-content\/uploads\/2020\/01\/logo-mycorestore-300x132.png\" alt=\"\" width=\"300\" height=\"132\" srcset=\"http:\/\/www.life4fir.com\/wp-content\/uploads\/2020\/01\/logo-mycorestore-300x132.png 300w, http:\/\/www.life4fir.com\/wp-content\/uploads\/2020\/01\/logo-mycorestore.png 392w\" sizes=\"(max-width: 300px) 100vw, 300px\" \/><\/a>LIFE MycoRestore<br \/>\n<\/strong><\/em><span style=\"font-size: 1rem;\">Los bosques mediterr\u00e1neos est\u00e1n actualmente sujetos a m\u00faltiples factores de estr\u00e9s bi\u00f3tico y abi\u00f3tico. LIFE MycoRestore tiene la intenci\u00f3n de utilizar diversos recursos micol\u00f3gicos y pr\u00e1cticas de gesti\u00f3n forestal como valor agregado para la mejora de la resiliencia biol\u00f3gica de los bosques en Espa\u00f1a, Italia y Portugal, generando tambi\u00e9n nuevas fuentes de ingresos y asegurando la estabilidad de los servicios del ecosistema forestal al contrarrestar los efectos de cambio clim\u00e1tico .<\/span><\/p>\n<p>&nbsp;<\/p>\n<p><strong><em><a href=\"https:\/\/www.lifeprimed.eu\/\"><img loading=\"lazy\" class=\"alignleft size-medium wp-image-282\" src=\"http:\/\/www.life4fir.com\/wp-content\/uploads\/2020\/01\/logo-life-primed-300x77.png\" alt=\"\" width=\"300\" height=\"77\" srcset=\"http:\/\/www.life4fir.com\/wp-content\/uploads\/2020\/01\/logo-life-primed-300x77.png 300w, http:\/\/www.life4fir.com\/wp-content\/uploads\/2020\/01\/logo-life-primed.png 351w\" sizes=\"(max-width: 300px) 100vw, 300px\" \/><\/a>LIFE Primed<br \/>\n<\/em><\/strong>En las \u00faltimas d\u00e9cadas, se han observado fen\u00f3menos de declive forestal en todo el planeta. En toda Europa, los ecosistemas forestales costeros han estado bajo la presi\u00f3n de la acci\u00f3n directa o indirecta del hombre. Esto ha llevado a cambios sustanciales en la composici\u00f3n y estructura de las poblaciones de \u00e1rboles, hasta casos extremos de mortalidad alta y repentina de los bosques y p\u00e9rdida de los h\u00e1bitats asociados. \u00a1El proyecto LIFE Primed cuantificar\u00e1 las causas exactas que han llevado al estado de conservaci\u00f3n actual desfavorable y definir\u00e1 e implementar\u00e1 acciones apropiadas e innovadoras capaces de restaurar los ecosistemas afectados de Italia y Grecia!<\/p>\n<p>&nbsp;<\/p>\n<p><a href=\"https:\/\/www.lifegoprofor.eu\/\"><img loading=\"lazy\" class=\"size-full wp-image-887 alignleft\" src=\"http:\/\/www.life4fir.com\/wp-content\/uploads\/2024\/11\/lifegoprofor_life.png\" alt=\"\" width=\"439\" height=\"80\" srcset=\"http:\/\/www.life4fir.com\/wp-content\/uploads\/2024\/11\/lifegoprofor_life.png 439w, http:\/\/www.life4fir.com\/wp-content\/uploads\/2024\/11\/lifegoprofor_life-300x55.png 300w\" sizes=\"(max-width: 439px) 100vw, 439px\" \/><\/a><\/p>\n<p><em><strong>LIFE GoProFor<br \/>\n<\/strong><\/em>El proyecto tiene como objetivo \u00abdestilar\u00bb las Buenas Pr\u00e1cticas de los proyectos LIFE seleccionados a nivel europeo, proporcionando herramientas detalladas para la aplicaci\u00f3n de la conservaci\u00f3n de la naturaleza. Las Buenas Pr\u00e1cticas se definen en funci\u00f3n de un tema de aplicaci\u00f3n (como gesti\u00f3n forestal sostenible, mitigaci\u00f3n y adaptaci\u00f3n al cambio clim\u00e1tico, conservaci\u00f3n de la naturaleza y biodiversidad), un contexto de aplicaci\u00f3n (como regi\u00f3n biogeogr\u00e1fica o h\u00e1bitat) y los problemas y amenazas abordados.<\/p>\n<p>&nbsp;<\/p>\n<p><a href=\"https:\/\/www.life-airfresh.eu\/\"><img loading=\"lazy\" class=\"alignleft wp-image-888 size-medium\" src=\"http:\/\/www.life4fir.com\/wp-content\/uploads\/2024\/11\/airfresh-277x300.png\" alt=\"\" width=\"277\" height=\"300\" srcset=\"http:\/\/www.life4fir.com\/wp-content\/uploads\/2024\/11\/airfresh-277x300.png 277w, http:\/\/www.life4fir.com\/wp-content\/uploads\/2024\/11\/airfresh.png 436w\" sizes=\"(max-width: 277px) 100vw, 277px\" \/><\/a><em><strong>LIFE AIRFRESH<br \/>\n<\/strong><\/em>El proyecto AIRFRESH se centra en la reforestaci\u00f3n urbana y periurbana para mejorar la calidad del aire en ciudades densamente pobladas. Se establecer\u00e1n \u00e1reas de prueba en Aix-en-Provence y Florencia, que actuar\u00e1n como ciudades pioneras y laboratorios vivientes. AIRFRESH tiene como objetivo estimar la capacidad de los \u00e1rboles y arbustos urbanos en estas \u00e1reas reforestadas para eliminar contaminantes (PM, NO2, CO2 y O3), cuantificar los beneficios ambientales y de salud de la reforestaci\u00f3n, y proporcionar recomendaciones pol\u00edticas sobre el n\u00famero y tipos de especies arb\u00f3reas necesarias para cumplir con los est\u00e1ndares de calidad del aire en ambas ciudades<span style=\"font-size: 1rem;\">.<\/span><\/p>\n<p>&nbsp;<\/p>\n<p><a href=\"https:\/\/www.forgenius.eu\/\"><img loading=\"lazy\" class=\"size-medium wp-image-890 alignleft\" src=\"http:\/\/www.life4fir.com\/wp-content\/uploads\/2024\/11\/forgenius-300x112.png\" alt=\"\" width=\"300\" height=\"112\" srcset=\"http:\/\/www.life4fir.com\/wp-content\/uploads\/2024\/11\/forgenius-300x112.png 300w, http:\/\/www.life4fir.com\/wp-content\/uploads\/2024\/11\/forgenius.png 368w\" sizes=\"(max-width: 300px) 100vw, 300px\" \/><\/a><em><strong>H2020 FORGENIUS<br \/>\n<\/strong><\/em>El proyecto FORGENIUS mejora la comprensi\u00f3n de la diversidad y la resiliencia clim\u00e1tica de los bosques europeos. Integrando tecnolog\u00eda avanzada y experiencia en campos como la biolog\u00eda vegetal, la ecolog\u00eda, la gen\u00f3mica y la silvicultura, est\u00e1 mejorando los datos sobre las Unidades de Conservaci\u00f3n Gen\u00e9tica y desarrollando servicios enfocados en los usuarios. Estos esfuerzos tienen como objetivo crear nuevas estrategias adaptativas para preservar los bosques europeos a escala continental.<\/p>\n<p>&nbsp;<\/p>\n<p><a href=\"https:\/\/www.carpathia.org\/life\/\"><img loading=\"lazy\" class=\"wp-image-892 size-medium alignleft\" src=\"http:\/\/www.life4fir.com\/wp-content\/uploads\/2024\/11\/carpathia-300x75.png\" alt=\"\" width=\"300\" height=\"75\" srcset=\"http:\/\/www.life4fir.com\/wp-content\/uploads\/2024\/11\/carpathia-300x75.png 300w, http:\/\/www.life4fir.com\/wp-content\/uploads\/2024\/11\/carpathia.png 450w\" sizes=\"(max-width: 300px) 100vw, 300px\" \/><\/a><\/p>\n<p><strong><em>LIFE CARPATHIA<\/em><\/strong><br \/>\nEste proyecto tiene como objetivo proteger las \u00e1reas silvestres restantes y restaurar los bosques gestionados a su estado natural en las Monta\u00f1as F\u0103g\u0103ra\u0219. Se enfoca en la rehabilitaci\u00f3n de los ecosistemas acu\u00e1ticos y ribere\u00f1os, afectados desde los a\u00f1os 80 por una planta hidroel\u00e9ctrica y estructuras de control en el r\u00edo D\u00e2mbovi\u021ba. La iniciativa establecer\u00e1 condiciones ecol\u00f3gicamente adecuadas para las especies clave, manteniendo la funci\u00f3n protectora de estas estructuras.<\/p>\n<p>&nbsp;<\/p>\n<p><a href=\"https:\/\/lifeseedforce.eu\/\"><img loading=\"lazy\" class=\"size-full wp-image-893 alignleft\" src=\"http:\/\/www.life4fir.com\/wp-content\/uploads\/2024\/11\/life-seed-force.png\" alt=\"\" width=\"150\" height=\"96\" \/><\/a><strong><em>LIFE SEEDFORCE<br \/>\n<\/em><\/strong>Este proyecto, mediante un enfoque integrado, tiene como objetivo recuperar y reforzar las poblaciones de plantas nativas italianas en peligro de extinci\u00f3n gracias a los bancos de semillas.<\/p>","protected":false},"excerpt":{"rendered":"<p>LIFE MycoRestore Los bosques mediterr\u00e1neos est\u00e1n actualmente sujetos a m\u00faltiples factores de estr\u00e9s bi\u00f3tico y abi\u00f3tico. LIFE MycoRestore tiene la intenci\u00f3n de utilizar diversos recursos micol\u00f3gicos y pr\u00e1cticas de gesti\u00f3n forestal como valor agregado para la mejora de la resiliencia biol\u00f3gica de los bosques en Espa\u00f1a, Italia y Portugal, generando tambi\u00e9n nuevas fuentes de ingresos &hellip; <\/p>\n<p class=\"link-more\"><a href=\"http:\/\/www.life4fir.com\/es\/networking\/\" class=\"more-link\">Continuar leyendo<span class=\"screen-reader-text\"> \u00abNetworking\u00bb<\/span><\/a><\/p>\n","protected":false},"author":1,"featured_media":0,"parent":0,"menu_order":0,"comment_status":"closed","ping_status":"closed","template":"","meta":[],"yoast_head":"<!-- This site is optimized with the Yoast SEO plugin v16.7 - https:\/\/yoast.com\/wordpress\/plugins\/seo\/ -->\n<title>Networking - LIFE4FIR<\/title>\n<meta name=\"robots\" content=\"index, follow, max-snippet:-1, max-image-preview:large, max-video-preview:-1\" \/>\n<link rel=\"canonical\" href=\"http:\/\/www.life4fir.com\/networking\/\" \/>\n<meta property=\"og:locale\" content=\"es_ES\" \/>\n<meta property=\"og:type\" content=\"article\" \/>\n<meta property=\"og:title\" content=\"Networking - LIFE4FIR\" \/>\n<meta property=\"og:description\" content=\"LIFE MycoRestore Los bosques mediterr\u00e1neos est\u00e1n actualmente sujetos a m\u00faltiples factores de estr\u00e9s bi\u00f3tico y abi\u00f3tico. LIFE MycoRestore tiene la intenci\u00f3n de utilizar diversos recursos micol\u00f3gicos y pr\u00e1cticas de gesti\u00f3n forestal como valor agregado para la mejora de la resiliencia biol\u00f3gica de los bosques en Espa\u00f1a, Italia y Portugal, generando tambi\u00e9n nuevas fuentes de ingresos &hellip; Continuar leyendo &quot;Networking&quot;\" \/>\n<meta property=\"og:url\" content=\"http:\/\/www.life4fir.com\/networking\/\" \/>\n<meta property=\"og:site_name\" content=\"LIFE4FIR\" \/>\n<meta property=\"article:modified_time\" content=\"2024-11-12T06:20:51+00:00\" \/>\n<meta property=\"og:image\" content=\"http:\/\/www.life4fir.com\/wp-content\/uploads\/2020\/01\/logo-mycorestore-300x132.png\" \/>\n<meta name=\"twitter:card\" content=\"summary_large_image\" \/>\n<meta name=\"twitter:label1\" content=\"Tiempo de lectura\" \/>\n\t<meta name=\"twitter:data1\" content=\"4 minutos\" \/>\n<script type=\"application\/ld+json\" class=\"yoast-schema-graph\">{\"@context\":\"https:\/\/schema.org\",\"@graph\":[{\"@type\":\"WebSite\",\"@id\":\"http:\/\/www.life4fir.com\/it\/#website\",\"url\":\"http:\/\/www.life4fir.com\/it\/\",\"name\":\"LIFE4FIR\",\"description\":\"Decisive in situ and ex situ conservation strategies to secure the critically endangered Sicilian fir, Abies nebrodensis\",\"potentialAction\":[{\"@type\":\"SearchAction\",\"target\":{\"@type\":\"EntryPoint\",\"urlTemplate\":\"http:\/\/www.life4fir.com\/it\/?s={search_term_string}\"},\"query-input\":\"required name=search_term_string\"}],\"inLanguage\":\"es\"},{\"@type\":\"ImageObject\",\"@id\":\"http:\/\/www.life4fir.com\/networking\/#primaryimage\",\"inLanguage\":\"es\",\"url\":\"http:\/\/www.life4fir.com\/wp-content\/uploads\/2020\/01\/logo-mycorestore.png\",\"contentUrl\":\"http:\/\/www.life4fir.com\/wp-content\/uploads\/2020\/01\/logo-mycorestore.png\",\"width\":392,\"height\":173},{\"@type\":\"WebPage\",\"@id\":\"http:\/\/www.life4fir.com\/networking\/#webpage\",\"url\":\"http:\/\/www.life4fir.com\/networking\/\",\"name\":\"Networking - LIFE4FIR\",\"isPartOf\":{\"@id\":\"http:\/\/www.life4fir.com\/it\/#website\"},\"primaryImageOfPage\":{\"@id\":\"http:\/\/www.life4fir.com\/networking\/#primaryimage\"},\"datePublished\":\"2019-11-05T11:21:12+00:00\",\"dateModified\":\"2024-11-12T06:20:51+00:00\",\"breadcrumb\":{\"@id\":\"http:\/\/www.life4fir.com\/networking\/#breadcrumb\"},\"inLanguage\":\"es\",\"potentialAction\":[{\"@type\":\"ReadAction\",\"target\":[\"http:\/\/www.life4fir.com\/networking\/\"]}]},{\"@type\":\"BreadcrumbList\",\"@id\":\"http:\/\/www.life4fir.com\/networking\/#breadcrumb\",\"itemListElement\":[{\"@type\":\"ListItem\",\"position\":1,\"name\":\"Home\",\"item\":\"http:\/\/www.life4fir.com\/\"},{\"@type\":\"ListItem\",\"position\":2,\"name\":\"Networking\"}]}]}<\/script>\n<!-- \/ Yoast SEO plugin. -->","yoast_head_json":{"title":"Networking - LIFE4FIR","robots":{"index":"index","follow":"follow","max-snippet":"max-snippet:-1","max-image-preview":"max-image-preview:large","max-video-preview":"max-video-preview:-1"},"canonical":"http:\/\/www.life4fir.com\/networking\/","og_locale":"es_ES","og_type":"article","og_title":"Networking - LIFE4FIR","og_description":"LIFE MycoRestore Los bosques mediterr\u00e1neos est\u00e1n actualmente sujetos a m\u00faltiples factores de estr\u00e9s bi\u00f3tico y abi\u00f3tico. LIFE MycoRestore tiene la intenci\u00f3n de utilizar diversos recursos micol\u00f3gicos y pr\u00e1cticas de gesti\u00f3n forestal como valor agregado para la mejora de la resiliencia biol\u00f3gica de los bosques en Espa\u00f1a, Italia y Portugal, generando tambi\u00e9n nuevas fuentes de ingresos &hellip; Continuar leyendo \"Networking\"","og_url":"http:\/\/www.life4fir.com\/networking\/","og_site_name":"LIFE4FIR","article_modified_time":"2024-11-12T06:20:51+00:00","og_image":[{"url":"http:\/\/www.life4fir.com\/wp-content\/uploads\/2020\/01\/logo-mycorestore-300x132.png"}],"twitter_card":"summary_large_image","twitter_misc":{"Tiempo de lectura":"4 minutos"},"schema":{"@context":"https:\/\/schema.org","@graph":[{"@type":"WebSite","@id":"http:\/\/www.life4fir.com\/it\/#website","url":"http:\/\/www.life4fir.com\/it\/","name":"LIFE4FIR","description":"Decisive in situ and ex situ conservation strategies to secure the critically endangered Sicilian fir, Abies nebrodensis","potentialAction":[{"@type":"SearchAction","target":{"@type":"EntryPoint","urlTemplate":"http:\/\/www.life4fir.com\/it\/?s={search_term_string}"},"query-input":"required name=search_term_string"}],"inLanguage":"es"},{"@type":"ImageObject","@id":"http:\/\/www.life4fir.com\/networking\/#primaryimage","inLanguage":"es","url":"http:\/\/www.life4fir.com\/wp-content\/uploads\/2020\/01\/logo-mycorestore.png","contentUrl":"http:\/\/www.life4fir.com\/wp-content\/uploads\/2020\/01\/logo-mycorestore.png","width":392,"height":173},{"@type":"WebPage","@id":"http:\/\/www.life4fir.com\/networking\/#webpage","url":"http:\/\/www.life4fir.com\/networking\/","name":"Networking - LIFE4FIR","isPartOf":{"@id":"http:\/\/www.life4fir.com\/it\/#website"},"primaryImageOfPage":{"@id":"http:\/\/www.life4fir.com\/networking\/#primaryimage"},"datePublished":"2019-11-05T11:21:12+00:00","dateModified":"2024-11-12T06:20:51+00:00","breadcrumb":{"@id":"http:\/\/www.life4fir.com\/networking\/#breadcrumb"},"inLanguage":"es","potentialAction":[{"@type":"ReadAction","target":["http:\/\/www.life4fir.com\/networking\/"]}]},{"@type":"BreadcrumbList","@id":"http:\/\/www.life4fir.com\/networking\/#breadcrumb","itemListElement":[{"@type":"ListItem","position":1,"name":"Home","item":"http:\/\/www.life4fir.com\/"},{"@type":"ListItem","position":2,"name":"Networking"}]}]}},"_links":{"self":[{"href":"http:\/\/www.life4fir.com\/es\/wp-json\/wp\/v2\/pages\/87"}],"collection":[{"href":"http:\/\/www.life4fir.com\/es\/wp-json\/wp\/v2\/pages"}],"about":[{"href":"http:\/\/www.life4fir.com\/es\/wp-json\/wp\/v2\/types\/page"}],"author":[{"embeddable":true,"href":"http:\/\/www.life4fir.com\/es\/wp-json\/wp\/v2\/users\/1"}],"replies":[{"embeddable":true,"href":"http:\/\/www.life4fir.com\/es\/wp-json\/wp\/v2\/comments?post=87"}],"version-history":[{"count":6,"href":"http:\/\/www.life4fir.com\/es\/wp-json\/wp\/v2\/pages\/87\/revisions"}],"predecessor-version":[{"id":894,"href":"http:\/\/www.life4fir.com\/es\/wp-json\/wp\/v2\/pages\/87\/revisions\/894"}],"wp:attachment":[{"href":"http:\/\/www.life4fir.com\/es\/wp-json\/wp\/v2\/media?parent=87"}],"curies":[{"name":"wp","href":"https:\/\/api.w.org\/{rel}","templated":true}]}}