{"id":89,"date":"2019-11-05T12:21:40","date_gmt":"2019-11-05T11:21:40","guid":{"rendered":"http:\/\/www.life4fir.com\/?page_id=89"},"modified":"2025-03-30T23:18:04","modified_gmt":"2025-03-30T21:18:04","slug":"news-and-events","status":"publish","type":"page","link":"http:\/\/www.life4fir.com\/es\/news-and-events\/","title":{"rendered":"Noticias y eventos"},"content":{"rendered":"<p><\/p>\n<h1><em>Eventos de difusi\u00f3n<\/em><\/h1>\n<ul>\n<li><a href=\"http:\/\/www.life4fir.com\/2025\/03\/30\/final-workshop-of-the-life4fir-project-florence-3-december-2024\/\">Taller final del proyecto LIFE4FIR<\/a> \u2013 Florencia, 3 de diciembre de 2024<\/li>\n<li><a href=\"http:\/\/www.life4fir.com\/2025\/03\/30\/life4fir-within-the-framework-of-the-seminars-of-the-crea-research-centre-for-horticulture-and-floriculture-29-may-2024\/\">LIFE4FIR en el marco de los &#8216;Seminarios del CREA Centro de Investigaci\u00f3n en Horticultura y Floricultura&#8217;<\/a> &#8211; 29 de mayo de 2024<\/li>\n<li><a href=\"http:\/\/www.life4fir.com\/2025\/03\/30\/life4fir-at-didacta-florence-20-22-march-2024\/\">LIFE4FIR en DIDACTA<\/a> \u2013 Florencia, 20\u201322 de marzo de 2024<\/li>\n<li><a href=\"http:\/\/www.life4fir.com\/2023\/12\/12\/the-workshop-phytosanitary-monitoring-and-the-conservation-of-abies-nebrodensis-of-the-life4fir-project-palermo-28-november-2023\/\">El taller &#8216;Monitoraggio fitosanitario e la conservazione di Abies nebrodensis&#8217; del proyecto LIFE4FIR<\/a> &#8211; Palermo, 28 de noviembre de 2023<\/li>\n<li><a href=\"http:\/\/www.life4fir.com\/2023\/10\/15\/life4fir-at-didacta-2023-catania-october-12-14-2023\/\">LIFE4FIR en DIDACTA 2023<\/a> &#8211; Catania, 12-14 de octubre de 2023<\/li>\n<li><a href=\"http:\/\/www.life4fir.com\/2023\/09\/22\/life4fir-at-the-118th-congress-of-the-italian-botanical-society-pisa-13-16-september-2023\/\">LIFE4FIR en el 118\u00ba Congreso de la Sociedad Bot\u00e1nica Italiana<\/a> &#8211; Pisa, 13-16 de septiembre de 2023<\/li>\n<li><a href=\"http:\/\/www.life4fir.com\/2023\/09\/22\/life4fir-at-the-xiv-national-congress-on-biodiversity-lecce-italy-13-15-september-2023\/\">LIFE4FIR en el XIV Congreso Nacional sobre Biodiversidad<\/a> &#8211; Lecce (Italia), 13-15 de septiembre de 2023<\/li>\n<li><a href=\"http:\/\/www.life4fir.com\/2023\/09\/12\/life4fir-at-the-x-international-conference-of-unesco-geoparks-marrakesh-6-11-september-2023\/\">LIFE4FIR en la X Conferencia Internacional de Geoparques de la UNESCO<\/a> &#8211; Marrakech, 6-11 de septiembre de 2023<\/li>\n<li><a href=\"http:\/\/www.life4fir.com\/2022\/11\/15\/open-day-organized-by-the-university-of-seville-10-november-2022\/\">Jornada de puertas abiertas organizada por la Universidad de Sevilla<\/a> &#8211; 10 de noviembre de 2022<\/li>\n<li><a href=\"http:\/\/www.life4fir.com\/2022\/11\/15\/replication-event-in-ronda-spain-7-november-2022\/\">Evento de replicaci\u00f3n en Ronda<\/a> &#8211; 7 de noviembre de 2022<\/li>\n<li><a href=\"http:\/\/www.life4fir.com\/2022\/08\/29\/life4fir-at-the-31st-international-horticultural-congress-angers-france-14-22-august-2022\/\">LIFE4FIR en el 31st International Horticultural Congress<\/a> &#8211; Angers (Francia), 14-22 de agosto de 2022<\/li>\n<li><a href=\"http:\/\/www.life4fir.com\/2022\/09\/23\/life4fir-on-radio-italia-cinque\/\">\u00a1LIFE4FIR en Radio Italia Cinque!<\/a><\/li>\n<li><a href=\"http:\/\/www.life4fir.com\/2022\/06\/27\/life4fir-at-the-i-international-plant-translocation-conference-iptc-2022-rome-20-24-june-2022\/\">LIFE4FIR en la I International Plant Translocation Conference IPTC 2022<\/a> &#8211; Roma, 20-24 de junio de 2022.<\/li>\n<li><a href=\"http:\/\/www.life4fir.com\/2022\/04\/28\/lifeis30\/\">\u00a1\u00a1LIFE4FIR celebra los 30 a\u00f1os del programa LIFE!! <\/a><a href=\"http:\/\/www.life4fir.com\/2022\/04\/28\/lifeis30\/\">Jornada de puertas abiertas, taller y visita al Abies<\/a> &#8211; 16-17 de mayo de 2022<\/li>\n<li><a href=\"http:\/\/www.life4fir.com\/2021\/02\/27\/life4fir-at-the-viii-spanish-society-of-evolutionary-biology-conference-vigo-2-4-february-2021\/\">LIFE4FIR en la VIII Conferencia de la sociedad espa\u00f1ola de biolog\u00eda evolutiva<\/a> &#8211; Vigo, 2-4 de febrero de 2022<\/li>\n<li><a href=\"http:\/\/www.life4fir.com\/2022\/02\/04\/the-technical-course-la-propagazione-vegetativa-delle-conifere-corso-teorico-e-pratico-di-innesto-dell-abies-nebrodensis-polizzi-generosa-italy-18-november-2021\/\">El curso t\u00e9cnico LIFE4FIR \u00abLa propagazione vegetativa delle conifere: corso teorico e pratico di innesto dell\u2019<em>Abies nebrodensis<\/em>\u00ab<\/a> &#8211; Polizzi Generosa (Italia), 18 de noviembre de 2021<\/li>\n<li><a href=\"http:\/\/www.life4fir.com\/2022\/01\/31\/workshop-life4fir-abies-nebrodensis-perche-salvaguardare-la-biodiversita-castelbuono-italy-17-november-2021\/\">Workshop LIFE4FIR \u00abAbies nebrodensis: perch\u00e9 salvaguardare la biodiversit\u00e0\u00bb<\/a> &#8211; Castelbuono (Italia), 17 de noviembre de 2021<\/li>\n<li><a href=\"http:\/\/www.life4fir.com\/2021\/11\/08\/life4fir-at-the-116th-congress-of-the-italian-botanical-society-online-8-10-september-2021\/\">LIFE4FIR en el 116\u00b0 Congreso de la Sociedad Bot\u00e1nica Italiana (online)<\/a> &#8211; 8-10 de septiembre de 2021<\/li>\n<li><a href=\"http:\/\/www.life4fir.com\/2021\/10\/08\/life4fir-at-the-xiii-italian-conference-on-biodiversity-online-7-9-september-2021\/\">LIFE4FIR en la XIII Conferencia Italiana sobre Biodiversidad (online)<\/a> &#8211; 7-9 de septiembre de 2021<\/li>\n<li><a href=\"http:\/\/www.life4fir.com\/2021\/09\/03\/life4fir-and-the-abies-nebrodensis-protagonists-of-the-event-organized-for-the-fai-days-6-june-2021\/\">LIFE4FIR y Abies Nebrodensis protagonistas del evento organizado para los FAI Days<\/a> &#8211; 6 de junio de 2021<\/li>\n<li><a href=\"http:\/\/www.life4fir.com\/2021\/08\/09\/life4fir-meets-the-mayor-of-polizzi-generosa-25-may-2021\/\">LIFE4FIR se re\u00fane con el Alcalde de Polizzi Generosa<\/a> &#8211; 25 de mayo de 2021<\/li>\n<li><a href=\"http:\/\/www.life4fir.com\/2021\/06\/22\/life4fir-for-the-world-environment-day-5-may-2021\/\">LIFE4FIR para el D\u00eda Mundial del Medio Ambiente<\/a> &#8211; 5 de mayo de 2021<\/li>\n<li><a href=\"http:\/\/www.life4fir.com\/2020\/05\/22\/life4fir-for-the-natura-2000-day-21-may-2020\/\">LIFE4FIR para el d\u00eda Natura 2000<\/a> &#8211; 21 de mayo de 2020<\/li>\n<li><a href=\"http:\/\/www.life4fir.com\/2020\/03\/13\/life4fir-at-the-vii-sesbe-congress-seville-5-7-february-2020\/\">LIFE4FIR en el VII Congreso SESBE<\/a> &#8211; Sevilla, 5-7 de febrero de 2020<\/li>\n<li><a href=\"http:\/\/www.life4fir.com\/2020\/01\/10\/life4fir-on-italian-national-news-programs-24-25-december-2019\/\">LIFE4FIR en los programas de noticias nacionales italianos<\/a> &#8211; 24-25 de diciembre de 2019<\/li>\n<li><a href=\"http:\/\/www.life4fir.com\/2019\/11\/19\/the-fiab-members-from-catania-visiting-the-madonie-park-for-the-life4fir-project-10-november-2019\/\">Los miembros de la FIAB de Catania visitan el Madonie Park para el proyecto LIFE4FIR<\/a> &#8211; 10 de noviembre de 2019<\/li>\n<\/ul>\n<h1><em>Eventos del proyecto<\/em><\/h1>\n<ul>\n<li><a href=\"http:\/\/www.life4fir.com\/2025\/03\/30\/final-meeting-of-the-life4fir-project-13-november-2024\/\">Final meeting del proyecto LIFE4FIR<\/a> \u2013 13 de noviembre 2024<\/li>\n<li><a href=\"http:\/\/www.life4fir.com\/2025\/03\/30\/progress-meeting-for-the-54-months-of-the-life4fir-project-14-may-2024\/\">Progress meeting para los 54 meses del proyecto LIFE4FIR<\/a> \u2013 14 de mayo 2024<\/li>\n<li><a href=\"http:\/\/www.life4fir.com\/2023\/11\/29\/progress-meeting-for-the-48-months-of-the-life4fir-project-29-november-2023\/\">Progress meeting para los 48 meses del proyecto LIFE4FIR<\/a> \u2013 29 noviembre 2023<\/li>\n<li><a href=\"http:\/\/www.life4fir.com\/2023\/05\/17\/progress-meeting-for-the-42-months-of-the-life4fir-project-17-may-2023\/\">Progress meeting para los 42 meses del proyecto LIFE4FIR<\/a> \u2013 17 de mayo 2023<\/li>\n<li><a href=\"http:\/\/www.life4fir.com\/2023\/03\/07\/monitoring-meeting-for-the-36-months-of-the-life4fir-project-7-november-2022\/\">Monitoring meeting de los 36 meses del proyecto LIFE4FIR<\/a> &#8211; 7 noviembre 2022<\/li>\n<li><a href=\"http:\/\/www.life4fir.com\/2023\/03\/07\/progress-meeting-for-the-30-months-of-the-life4fir-project-17-may-2022\/\">Progress meeting para los 30 meses del proyecto LIFE4FIR<\/a> &#8211; 17 de mayo 2022<\/li>\n<li><a href=\"http:\/\/www.life4fir.com\/2022\/01\/28\/monitoring-meeting-for-the-24-months-of-the-life4fir-project-15-16-november-2021\/\">Monitoring meeting de los 24 meses del proyecto LIFE4FIR<\/a> &#8211; 15-16 noviembre 2021<\/li>\n<li><a href=\"http:\/\/www.life4fir.com\/2021\/08\/09\/progress-meeting-for-the-18th-months-of-the-life4fir-project-25-26-may-2021\/\">Progress meeting para los 18 meses del proyecto LIFE4FIR<\/a> &#8211; 25-26 de mayo 2021<\/li>\n<li><a href=\"http:\/\/www.life4fir.com\/2020\/12\/22\/coordination-meeting-for-the-12-months-of-the-life4fir-project-12-13-october-2020\/\">Coordination meeting para los 12 meses del proyecto LIFE4FIR<\/a> &#8211; 12-13 de octubre de 2020<\/li>\n<li><a href=\"http:\/\/www.life4fir.com\/2019\/12\/22\/three-days-of-work-in-the-madonie-park-for-the-start-of-action-a-1-development-of-a-protocol-for-the-genetic-characterization-of-the-natural-population-of-abies-nebrodensis-and-optimizing-its-propag\/\">Tres d\u00edas de trabajo en el Parque Madonie para el inicio de la acci\u00f3n A.1 &#8216;Desarrollo de un protocolo para la caracterizaci\u00f3n gen\u00e9tica de la poblaci\u00f3n natural de Abies nebrodensis y optimizar su propagaci\u00f3n y conservaci\u00f3n a temperaturas criog\u00e9nicas de \u00f3rganos y tejidos&#8217;<\/a> &#8211; 20-22 Noviembre 2019<\/li>\n<li><a href=\"http:\/\/www.life4fir.com\/2019\/11\/19\/life4fir-welcome-meeting-in-bruxelles-5-6-november-2019\/\">Welcome Meeting por LIFE4FIR en Bruselas<\/a> &#8211; 5-6 de noviembre de 2019<\/li>\n<li><a href=\"http:\/\/www.life4fir.com\/2019\/11\/06\/life4fir-kick-off-meeting-in-palermo-2-3-october-2019\/\">Kick-Off meeting del proyecto LIFE4FIR en Palermo (Italia)<\/a>\u00a0&#8211; 2-3 de octubre de 2019<\/li>\n<\/ul>\n<p><\/p>","protected":false},"excerpt":{"rendered":"<p>Eventos de difusi\u00f3n Taller final del proyecto LIFE4FIR \u2013 Florencia, 3 de diciembre de 2024 LIFE4FIR en el marco de los &#8216;Seminarios del CREA Centro de Investigaci\u00f3n en Horticultura y Floricultura&#8217; &#8211; 29 de mayo de 2024 LIFE4FIR en DIDACTA \u2013 Florencia, 20\u201322 de marzo de 2024 El taller &#8216;Monitoraggio fitosanitario e la conservazione di &hellip; <\/p>\n<p class=\"link-more\"><a href=\"http:\/\/www.life4fir.com\/es\/news-and-events\/\" class=\"more-link\">Continuar leyendo<span class=\"screen-reader-text\"> \u00abNoticias y eventos\u00bb<\/span><\/a><\/p>\n","protected":false},"author":1,"featured_media":0,"parent":0,"menu_order":0,"comment_status":"closed","ping_status":"closed","template":"","meta":[],"yoast_head":"<!-- This site is optimized with the Yoast SEO plugin v16.7 - https:\/\/yoast.com\/wordpress\/plugins\/seo\/ -->\n<title>Noticias y eventos - LIFE4FIR<\/title>\n<meta name=\"robots\" content=\"index, follow, max-snippet:-1, max-image-preview:large, max-video-preview:-1\" \/>\n<link rel=\"canonical\" href=\"http:\/\/www.life4fir.com\/news-and-events\/\" \/>\n<meta property=\"og:locale\" content=\"es_ES\" \/>\n<meta property=\"og:type\" content=\"article\" \/>\n<meta property=\"og:title\" content=\"[:it]Novit\u00e0 ed eventi[:en]News and events[:es]Noticias y eventos[:] - LIFE4FIR\" \/>\n<meta property=\"og:description\" content=\"Eventos de difusi\u00f3n Taller final del proyecto LIFE4FIR \u2013 Florencia, 3 de diciembre de 2024 LIFE4FIR en el marco de los &#8216;Seminarios del CREA Centro de Investigaci\u00f3n en Horticultura y Floricultura&#8217; &#8211; 29 de mayo de 2024 LIFE4FIR en DIDACTA \u2013 Florencia, 20\u201322 de marzo de 2024 El taller &#8216;Monitoraggio fitosanitario e la conservazione di &hellip; Continuar leyendo &quot;Noticias y eventos&quot;\" \/>\n<meta property=\"og:url\" content=\"http:\/\/www.life4fir.com\/news-and-events\/\" \/>\n<meta property=\"og:site_name\" content=\"LIFE4FIR\" \/>\n<meta property=\"article:modified_time\" content=\"2025-03-30T21:18:04+00:00\" \/>\n<meta name=\"twitter:card\" content=\"summary_large_image\" \/>\n<meta name=\"twitter:label1\" content=\"Tiempo de lectura\" \/>\n\t<meta name=\"twitter:data1\" content=\"3 minutos\" \/>\n<script type=\"application\/ld+json\" class=\"yoast-schema-graph\">{\"@context\":\"https:\/\/schema.org\",\"@graph\":[{\"@type\":\"WebSite\",\"@id\":\"http:\/\/www.life4fir.com\/it\/#website\",\"url\":\"http:\/\/www.life4fir.com\/it\/\",\"name\":\"LIFE4FIR\",\"description\":\"Decisive in situ and ex situ conservation strategies to secure the critically endangered Sicilian fir, Abies nebrodensis\",\"potentialAction\":[{\"@type\":\"SearchAction\",\"target\":{\"@type\":\"EntryPoint\",\"urlTemplate\":\"http:\/\/www.life4fir.com\/it\/?s={search_term_string}\"},\"query-input\":\"required name=search_term_string\"}],\"inLanguage\":\"es\"},{\"@type\":\"WebPage\",\"@id\":\"http:\/\/www.life4fir.com\/news-and-events\/#webpage\",\"url\":\"http:\/\/www.life4fir.com\/news-and-events\/\",\"name\":\"[:it]Novit\\u00e0 ed eventi[:en]News and events[:es]Noticias y eventos[:] - LIFE4FIR\",\"isPartOf\":{\"@id\":\"http:\/\/www.life4fir.com\/it\/#website\"},\"datePublished\":\"2019-11-05T11:21:40+00:00\",\"dateModified\":\"2025-03-30T21:18:04+00:00\",\"breadcrumb\":{\"@id\":\"http:\/\/www.life4fir.com\/news-and-events\/#breadcrumb\"},\"inLanguage\":\"es\",\"potentialAction\":[{\"@type\":\"ReadAction\",\"target\":[\"http:\/\/www.life4fir.com\/news-and-events\/\"]}]},{\"@type\":\"BreadcrumbList\",\"@id\":\"http:\/\/www.life4fir.com\/news-and-events\/#breadcrumb\",\"itemListElement\":[{\"@type\":\"ListItem\",\"position\":1,\"name\":\"Home\",\"item\":\"http:\/\/www.life4fir.com\/\"},{\"@type\":\"ListItem\",\"position\":2,\"name\":\"News and events\"}]}]}<\/script>\n<!-- \/ Yoast SEO plugin. -->","yoast_head_json":{"title":"[:it]Novit\u00e0 ed eventi[:en]News and events[:es]Noticias y eventos[:] - LIFE4FIR","robots":{"index":"index","follow":"follow","max-snippet":"max-snippet:-1","max-image-preview":"max-image-preview:large","max-video-preview":"max-video-preview:-1"},"canonical":"http:\/\/www.life4fir.com\/news-and-events\/","og_locale":"es_ES","og_type":"article","og_title":"[:it]Novit\u00e0 ed eventi[:en]News and events[:es]Noticias y eventos[:] - LIFE4FIR","og_description":"Eventos de difusi\u00f3n Taller final del proyecto LIFE4FIR \u2013 Florencia, 3 de diciembre de 2024 LIFE4FIR en el marco de los &#8216;Seminarios del CREA Centro de Investigaci\u00f3n en Horticultura y Floricultura&#8217; &#8211; 29 de mayo de 2024 LIFE4FIR en DIDACTA \u2013 Florencia, 20\u201322 de marzo de 2024 El taller &#8216;Monitoraggio fitosanitario e la conservazione di &hellip; Continuar leyendo \"Noticias y eventos\"","og_url":"http:\/\/www.life4fir.com\/news-and-events\/","og_site_name":"LIFE4FIR","article_modified_time":"2025-03-30T21:18:04+00:00","twitter_card":"summary_large_image","twitter_misc":{"Tiempo de lectura":"3 minutos"},"schema":{"@context":"https:\/\/schema.org","@graph":[{"@type":"WebSite","@id":"http:\/\/www.life4fir.com\/it\/#website","url":"http:\/\/www.life4fir.com\/it\/","name":"LIFE4FIR","description":"Decisive in situ and ex situ conservation strategies to secure the critically endangered Sicilian fir, Abies nebrodensis","potentialAction":[{"@type":"SearchAction","target":{"@type":"EntryPoint","urlTemplate":"http:\/\/www.life4fir.com\/it\/?s={search_term_string}"},"query-input":"required name=search_term_string"}],"inLanguage":"es"},{"@type":"WebPage","@id":"http:\/\/www.life4fir.com\/news-and-events\/#webpage","url":"http:\/\/www.life4fir.com\/news-and-events\/","name":"[:it]Novit\u00e0 ed eventi[:en]News and events[:es]Noticias y eventos[:] - LIFE4FIR","isPartOf":{"@id":"http:\/\/www.life4fir.com\/it\/#website"},"datePublished":"2019-11-05T11:21:40+00:00","dateModified":"2025-03-30T21:18:04+00:00","breadcrumb":{"@id":"http:\/\/www.life4fir.com\/news-and-events\/#breadcrumb"},"inLanguage":"es","potentialAction":[{"@type":"ReadAction","target":["http:\/\/www.life4fir.com\/news-and-events\/"]}]},{"@type":"BreadcrumbList","@id":"http:\/\/www.life4fir.com\/news-and-events\/#breadcrumb","itemListElement":[{"@type":"ListItem","position":1,"name":"Home","item":"http:\/\/www.life4fir.com\/"},{"@type":"ListItem","position":2,"name":"News and events"}]}]}},"_links":{"self":[{"href":"http:\/\/www.life4fir.com\/es\/wp-json\/wp\/v2\/pages\/89"}],"collection":[{"href":"http:\/\/www.life4fir.com\/es\/wp-json\/wp\/v2\/pages"}],"about":[{"href":"http:\/\/www.life4fir.com\/es\/wp-json\/wp\/v2\/types\/page"}],"author":[{"embeddable":true,"href":"http:\/\/www.life4fir.com\/es\/wp-json\/wp\/v2\/users\/1"}],"replies":[{"embeddable":true,"href":"http:\/\/www.life4fir.com\/es\/wp-json\/wp\/v2\/comments?post=89"}],"version-history":[{"count":37,"href":"http:\/\/www.life4fir.com\/es\/wp-json\/wp\/v2\/pages\/89\/revisions"}],"predecessor-version":[{"id":972,"href":"http:\/\/www.life4fir.com\/es\/wp-json\/wp\/v2\/pages\/89\/revisions\/972"}],"wp:attachment":[{"href":"http:\/\/www.life4fir.com\/es\/wp-json\/wp\/v2\/media?parent=89"}],"curies":[{"name":"wp","href":"https:\/\/api.w.org\/{rel}","templated":true}]}}