{"id":912,"date":"2025-03-30T22:16:06","date_gmt":"2025-03-30T20:16:06","guid":{"rendered":"http:\/\/www.life4fir.com\/?page_id=912"},"modified":"2025-03-30T22:16:06","modified_gmt":"2025-03-30T20:16:06","slug":"scientific-articles","status":"publish","type":"page","link":"http:\/\/www.life4fir.com\/es\/scientific-articles\/","title":{"rendered":"Art\u00edculos cient\u00edficos"},"content":{"rendered":"<ul>\n<li>Frascella, A., Della Rocca, G., Barberini, S., Emiliani, G., Secci, S., Lambardi, M., &#8230; &amp; Danti, R. (2022). <a href=\"https:\/\/www.mdpi.com\/2071-1050\/14\/19\/12643#\">Innovative in situ and ex situ conservation strategies of the madonie fir Abies nebrodensis<\/a>.\u00a0<em>Sustainability<\/em>,\u00a0<em>14<\/em>(19), 12643.<\/li>\n<li>Jouini, N., Yahyaoui, E., Tarraf, W., \u0130zg\u00fc, T., Benelli, C., Lambardi, M., &amp; German\u00e0, M. A. (2023). <a href=\"https:\/\/doi.org\/10.1007\/s11240-022-02415-0\">Somatic embryogenesis in Abies nebrodensis, an endangered Sicilian fir<\/a>. <em style=\"font-size: 1rem;\">Plant Cell, Tissue and Organ Culture (PCTOC)<\/em><span style=\"font-size: 1rem;\">, <\/span><em style=\"font-size: 1rem;\">152<\/em><span style=\"font-size: 1rem;\">(2), 393-404.<\/span><\/li>\n<li>Benelli, C., Tarraf, W., \u0130zg\u00fc, T., Anichini, M., Faraloni, C., Salvatici, M. C., &#8230; &amp; Lambardi, M. (2024). <a href=\"https:\/\/doi.org\/10.3390\/plants13121682\">Long-Term Conservation for the Safeguard of Abies nebrodensis: An Endemic and Endangered Species of Sicily<\/a>.\u00a0<em style=\"font-size: 1rem;\">Plants<\/em><span style=\"font-size: 1rem;\">,\u00a0<\/span><em style=\"font-size: 1rem;\">13<\/em><span style=\"font-size: 1rem;\">(12), 1682.<\/span><\/li>\n<li>Frascella, A., Barberini, S., Della Rocca, G., Emiliani, G., Di Lonardo, V., Secci, S., &amp; Danti, R. (2024). <a href=\"https:\/\/doi.org\/10.1007\/s42161-024-01639-7\">Insights on the fungal communities associated with needle reddening of the endangered Abies nebrodensis<\/a>.\u00a0<em style=\"font-size: 1rem;\">Journal of Plant Pathology<\/em><span style=\"font-size: 1rem;\">, 1-15.<\/span><\/li>\n<li>Mirabile, G., Cirlincione, F., Venturella, G., &amp; Torta, L. (2023). <a href=\"https:\/\/www.tandfonline.com\/doi\/full\/10.1080\/11263504.2022.2089765\">Seed vitality and fungal contamination in Abies nebrodensis<\/a>.\u00a0<em style=\"font-size: 1rem;\">Plant Biosystems-An International Journal Dealing with all Aspects of Plant Biology<\/em><span style=\"font-size: 1rem;\">,\u00a0<\/span><em style=\"font-size: 1rem;\">157<\/em><span style=\"font-size: 1rem;\">(1), 112-118. <\/span><\/li>\n<li>Del Valle, J. C., Arista, M., Ben\u00edtez\u2010Ben\u00edtez, C., Ortiz, P. L., Jim\u00e9nez\u2010L\u00f3pez, F. J., Terrab, A., &amp; Balao, F. (2024).<a href=\"https:\/\/doi.org\/10.1111\/mec.17605\"> Genomic\u2010Guided Conservation Actions to Restore the Most Endangered Conifer in the Mediterranean Basin<\/a>.\u00a0<em style=\"font-size: 1rem;\">Molecular Ecology<\/em><span style=\"font-size: 1rem;\">, e17605.<\/span><\/li>\n<li>Tarraf, W., Izgu, T., &amp; Jouini, N. (2022, August). <a href=\"https:\/\/doi.org\/10.17660\/ActaHortic.2023.1359.28\">Strategies for the conservation by biotechnological approaches of Abies nebrodensis, a relict conifer of Sicily<\/a>. In\u00a0<em style=\"font-size: 1rem;\">XXXI International Horticultural Congress (IHC2022): International Symposium on In Vitro Technology and Micropropagated Plants 1359<\/em><span style=\"font-size: 1rem;\"> (pp. 215-222).\u00a0<\/span><\/li>\n<\/ul>\n","protected":false},"excerpt":{"rendered":"<p>Frascella, A., Della Rocca, G., Barberini, S., Emiliani, G., Secci, S., Lambardi, M., &#8230; &amp; Danti, R. (2022). Innovative in situ and ex situ conservation strategies of the madonie fir Abies nebrodensis.\u00a0Sustainability,\u00a014(19), 12643. Jouini, N., Yahyaoui, E., Tarraf, W., \u0130zg\u00fc, T., Benelli, C., Lambardi, M., &amp; German\u00e0, M. A. (2023). Somatic embryogenesis in Abies nebrodensis, &hellip; <\/p>\n<p class=\"link-more\"><a href=\"http:\/\/www.life4fir.com\/es\/scientific-articles\/\" class=\"more-link\">Continuar leyendo<span class=\"screen-reader-text\"> \u00abArt\u00edculos cient\u00edficos\u00bb<\/span><\/a><\/p>\n","protected":false},"author":1,"featured_media":0,"parent":0,"menu_order":0,"comment_status":"closed","ping_status":"closed","template":"","meta":[],"yoast_head":"<!-- This site is optimized with the Yoast SEO plugin v16.7 - https:\/\/yoast.com\/wordpress\/plugins\/seo\/ -->\n<title>Art\u00edculos cient\u00edficos - LIFE4FIR<\/title>\n<meta name=\"robots\" content=\"index, follow, max-snippet:-1, max-image-preview:large, max-video-preview:-1\" \/>\n<link rel=\"canonical\" href=\"http:\/\/www.life4fir.com\/scientific-articles\/\" \/>\n<meta property=\"og:locale\" content=\"es_ES\" \/>\n<meta property=\"og:type\" content=\"article\" \/>\n<meta property=\"og:title\" content=\"[:it]Articoli scientifici[:en]Scientific articles[:es]Art\u00edculos cient\u00edficos[:] - LIFE4FIR\" \/>\n<meta property=\"og:description\" content=\"Frascella, A., Della Rocca, G., Barberini, S., Emiliani, G., Secci, S., Lambardi, M., &#8230; &amp; Danti, R. (2022). Innovative in situ and ex situ conservation strategies of the madonie fir Abies nebrodensis.\u00a0Sustainability,\u00a014(19), 12643. Jouini, N., Yahyaoui, E., Tarraf, W., \u0130zg\u00fc, T., Benelli, C., Lambardi, M., &amp; German\u00e0, M. A. (2023). Somatic embryogenesis in Abies nebrodensis, &hellip; Continuar leyendo &quot;Art\u00edculos cient\u00edficos&quot;\" \/>\n<meta property=\"og:url\" content=\"http:\/\/www.life4fir.com\/scientific-articles\/\" \/>\n<meta property=\"og:site_name\" content=\"LIFE4FIR\" \/>\n<meta name=\"twitter:card\" content=\"summary_large_image\" \/>\n<meta name=\"twitter:label1\" content=\"Tiempo de lectura\" \/>\n\t<meta name=\"twitter:data1\" content=\"2 minutos\" \/>\n<script type=\"application\/ld+json\" class=\"yoast-schema-graph\">{\"@context\":\"https:\/\/schema.org\",\"@graph\":[{\"@type\":\"WebSite\",\"@id\":\"http:\/\/www.life4fir.com\/it\/#website\",\"url\":\"http:\/\/www.life4fir.com\/it\/\",\"name\":\"LIFE4FIR\",\"description\":\"Decisive in situ and ex situ conservation strategies to secure the critically endangered Sicilian fir, Abies nebrodensis\",\"potentialAction\":[{\"@type\":\"SearchAction\",\"target\":{\"@type\":\"EntryPoint\",\"urlTemplate\":\"http:\/\/www.life4fir.com\/it\/?s={search_term_string}\"},\"query-input\":\"required name=search_term_string\"}],\"inLanguage\":\"es\"},{\"@type\":\"WebPage\",\"@id\":\"http:\/\/www.life4fir.com\/scientific-articles\/#webpage\",\"url\":\"http:\/\/www.life4fir.com\/scientific-articles\/\",\"name\":\"[:it]Articoli scientifici[:en]Scientific articles[:es]Art\\u00edculos cient\\u00edficos[:] - LIFE4FIR\",\"isPartOf\":{\"@id\":\"http:\/\/www.life4fir.com\/it\/#website\"},\"datePublished\":\"2025-03-30T20:16:06+00:00\",\"dateModified\":\"2025-03-30T20:16:06+00:00\",\"breadcrumb\":{\"@id\":\"http:\/\/www.life4fir.com\/scientific-articles\/#breadcrumb\"},\"inLanguage\":\"es\",\"potentialAction\":[{\"@type\":\"ReadAction\",\"target\":[\"http:\/\/www.life4fir.com\/scientific-articles\/\"]}]},{\"@type\":\"BreadcrumbList\",\"@id\":\"http:\/\/www.life4fir.com\/scientific-articles\/#breadcrumb\",\"itemListElement\":[{\"@type\":\"ListItem\",\"position\":1,\"name\":\"Home\",\"item\":\"http:\/\/www.life4fir.com\/\"},{\"@type\":\"ListItem\",\"position\":2,\"name\":\"Scientific articles\"}]}]}<\/script>\n<!-- \/ Yoast SEO plugin. -->","yoast_head_json":{"title":"[:it]Articoli scientifici[:en]Scientific articles[:es]Art\u00edculos cient\u00edficos[:] - LIFE4FIR","robots":{"index":"index","follow":"follow","max-snippet":"max-snippet:-1","max-image-preview":"max-image-preview:large","max-video-preview":"max-video-preview:-1"},"canonical":"http:\/\/www.life4fir.com\/scientific-articles\/","og_locale":"es_ES","og_type":"article","og_title":"[:it]Articoli scientifici[:en]Scientific articles[:es]Art\u00edculos cient\u00edficos[:] - LIFE4FIR","og_description":"Frascella, A., Della Rocca, G., Barberini, S., Emiliani, G., Secci, S., Lambardi, M., &#8230; &amp; Danti, R. (2022). Innovative in situ and ex situ conservation strategies of the madonie fir Abies nebrodensis.\u00a0Sustainability,\u00a014(19), 12643. Jouini, N., Yahyaoui, E., Tarraf, W., \u0130zg\u00fc, T., Benelli, C., Lambardi, M., &amp; German\u00e0, M. A. (2023). Somatic embryogenesis in Abies nebrodensis, &hellip; Continuar leyendo \"Art\u00edculos cient\u00edficos\"","og_url":"http:\/\/www.life4fir.com\/scientific-articles\/","og_site_name":"LIFE4FIR","twitter_card":"summary_large_image","twitter_misc":{"Tiempo de lectura":"2 minutos"},"schema":{"@context":"https:\/\/schema.org","@graph":[{"@type":"WebSite","@id":"http:\/\/www.life4fir.com\/it\/#website","url":"http:\/\/www.life4fir.com\/it\/","name":"LIFE4FIR","description":"Decisive in situ and ex situ conservation strategies to secure the critically endangered Sicilian fir, Abies nebrodensis","potentialAction":[{"@type":"SearchAction","target":{"@type":"EntryPoint","urlTemplate":"http:\/\/www.life4fir.com\/it\/?s={search_term_string}"},"query-input":"required name=search_term_string"}],"inLanguage":"es"},{"@type":"WebPage","@id":"http:\/\/www.life4fir.com\/scientific-articles\/#webpage","url":"http:\/\/www.life4fir.com\/scientific-articles\/","name":"[:it]Articoli scientifici[:en]Scientific articles[:es]Art\u00edculos cient\u00edficos[:] - LIFE4FIR","isPartOf":{"@id":"http:\/\/www.life4fir.com\/it\/#website"},"datePublished":"2025-03-30T20:16:06+00:00","dateModified":"2025-03-30T20:16:06+00:00","breadcrumb":{"@id":"http:\/\/www.life4fir.com\/scientific-articles\/#breadcrumb"},"inLanguage":"es","potentialAction":[{"@type":"ReadAction","target":["http:\/\/www.life4fir.com\/scientific-articles\/"]}]},{"@type":"BreadcrumbList","@id":"http:\/\/www.life4fir.com\/scientific-articles\/#breadcrumb","itemListElement":[{"@type":"ListItem","position":1,"name":"Home","item":"http:\/\/www.life4fir.com\/"},{"@type":"ListItem","position":2,"name":"Scientific articles"}]}]}},"_links":{"self":[{"href":"http:\/\/www.life4fir.com\/es\/wp-json\/wp\/v2\/pages\/912"}],"collection":[{"href":"http:\/\/www.life4fir.com\/es\/wp-json\/wp\/v2\/pages"}],"about":[{"href":"http:\/\/www.life4fir.com\/es\/wp-json\/wp\/v2\/types\/page"}],"author":[{"embeddable":true,"href":"http:\/\/www.life4fir.com\/es\/wp-json\/wp\/v2\/users\/1"}],"replies":[{"embeddable":true,"href":"http:\/\/www.life4fir.com\/es\/wp-json\/wp\/v2\/comments?post=912"}],"version-history":[{"count":1,"href":"http:\/\/www.life4fir.com\/es\/wp-json\/wp\/v2\/pages\/912\/revisions"}],"predecessor-version":[{"id":914,"href":"http:\/\/www.life4fir.com\/es\/wp-json\/wp\/v2\/pages\/912\/revisions\/914"}],"wp:attachment":[{"href":"http:\/\/www.life4fir.com\/es\/wp-json\/wp\/v2\/media?parent=912"}],"curies":[{"name":"wp","href":"https:\/\/api.w.org\/{rel}","templated":true}]}}