{"id":93,"date":"2019-11-05T12:22:30","date_gmt":"2019-11-05T11:22:30","guid":{"rendered":"http:\/\/www.life4fir.com\/?page_id=93"},"modified":"2025-03-30T22:19:01","modified_gmt":"2025-03-30T20:19:01","slug":"update-of-technical-results","status":"publish","type":"page","link":"http:\/\/www.life4fir.com\/es\/update-of-technical-results\/","title":{"rendered":"Actualizaci\u00f3n de resultados t\u00e9cnicos."},"content":{"rendered":"<p><\/p>\n<h2><em>Actualizaciones del campo<\/em><\/h2>\n<ul>\n<li style=\"list-style-type: none;\">\n<ul>\n<li><a href=\"http:\/\/www.life4fir.com\/2025\/03\/30\/completion-of-the-reforestation-nuclei\/\">Finalizaci\u00f3n de los n\u00facleos de reforestaci\u00f3n<\/a><\/li>\n<li><a href=\"http:\/\/www.life4fir.com\/2025\/03\/30\/setting-up-the-clonal-orchard\/\">Establecimiento del huerto clonal<\/a><\/li>\n<li><a href=\"http:\/\/www.life4fir.com\/2024\/09\/11\/success-of-grafting-propagation\/\">\u00c9xito de la propagaci\u00f3n por injerto<\/a><\/li>\n<li><a href=\"http:\/\/www.life4fir.com\/2023\/09\/11\/multispectral-analysis\/\">An\u00e1lisis multiespectral<\/a><\/li>\n<li><a href=\"http:\/\/www.life4fir.com\/2024\/02\/20\/phytosanitary-surveys\/\">Investigaciones fitosanitarias<\/a><\/li>\n<li><a href=\"http:\/\/www.life4fir.com\/2024\/02\/20\/setting-up-reforestation-plots\/\">Preparaci\u00f3n de n\u00facleos de reforestaci\u00f3n<\/a><\/li>\n<li><a href=\"http:\/\/www.life4fir.com\/2024\/02\/20\/inauguration-of-the-seed-bank-and-cryobank\/\">Inauguraci\u00f3n del Banco de Semillas y la Criobanca<\/a><\/li>\n<li><a href=\"http:\/\/www.life4fir.com\/2024\/02\/20\/completion-of-the-new-fencing-system\/\">Finalizaci\u00f3n del Nuevo Sistema de Cercas<\/a><\/li>\n<li><a href=\"http:\/\/www.life4fir.com\/2022\/10\/07\/the-video-surveillance-system-of-the-abies-nebrodensis-trail-is-ready\/\">\u00a1El sistema de videovigilancia del sendero Abies Nebrodensis est\u00e1 listo!<\/a><\/li>\n<li><a href=\"http:\/\/www.life4fir.com\/2022\/05\/12\/new-seedlings-of-abies-nebrodensis-are-growing\/\">\u00a1Est\u00e1n creciendo nuevas pl\u00e1ntulas de Abies Nebrodensis!<\/a><\/li>\n<li><a href=\"http:\/\/www.life4fir.com\/2023\/03\/07\/commissioning-of-the-seed-bank-and-cryobank\/\">Puesta en marcha del banco de semillas y criobanco<\/a><\/li>\n<li><a href=\"http:\/\/www.life4fir.com\/2021\/09\/03\/summer-update-of-the-progress-of-the-life4fir-project\/\">Actualizaci\u00f3n de verano del progreso del proyecto LIFE4FIR<\/a><\/li>\n<li><a href=\"http:\/\/www.life4fir.com\/2021\/05\/27\/update-on-the-action-a-1-4-seed-conservation-at-low-temperature-18c-application-of-cryopreservation-protocols\/\">Actualizaci\u00f3n sobre la acci\u00f3n A 1.4 \u00abSeed conservation at low temperature (-18\u00b0C), application of cryopreservation protocols\u00bb<\/a><\/li>\n<li><a href=\"http:\/\/www.life4fir.com\/2021\/03\/08\/remote-sensing-via-drone-and-monitoring-activities-of-the-life4fir-project\/\">Teledetecci\u00f3n a trav\u00e9s de drones y las actividades de seguimiento del proyecto LIFE4FIR<\/a><\/li>\n<li><a href=\"http:\/\/www.life4fir.com\/2020\/12\/22\/autumn-update-on-life4fir-project-activities\/\">Actualizaci\u00f3n de oto\u00f1o sobre las actividades del proyecto LIFE4FIR<\/a><\/li>\n<li><a href=\"http:\/\/www.life4fir.com\/2020\/08\/18\/summer-update-on-the-activities-and-results-achieved-by-life4fir\/\">Actualizaci\u00f3n de verano sobre las actividades y los resultados obtenidos por LIFE4FIR<\/a><\/li>\n<li><a href=\"http:\/\/www.life4fir.com\/2020\/07\/10\/continuano-i-progressi-del-progetto-life4fir\/\">\u00a1El progreso del proyecto LIFE4FIR contin\u00faa!<\/a><\/li>\n<li><a href=\"http:\/\/www.life4fir.com\/2020\/05\/19\/isolation-and-manual-pollination-of-strobiles-of-abies-nebrodensis\/\">Aislamiento y polinizaci\u00f3n manual de estr\u00f3bilos de <em>Abies nebrodensis<\/em><\/a><\/li>\n<\/ul>\n<\/li>\n<\/ul>\n<h2><em>Art\u00edculos y comunicados de prensa<\/em><\/h2>\n<ul>\n<li style=\"list-style-type: none;\">\n<ul>\n<li><em><a href=\"http:\/\/www.life4fir.com\/wp-content\/uploads\/2021\/11\/Articolo-abies-Gardenia.pdf\">Operazione salvataggio dell&#8217;abete dei Nebrodi<\/a><\/em> &#8211; sobre Gardenia<\/li>\n<li><a href=\"http:\/\/www.parks.it\/parco.madonie\/dettaglio.php?id=56801\"><em>Abies Nebrodensis: il progetto LIFE Natura di conservazione in situ ed ex situ<\/em><\/a> &#8211; sobre www.parks.it<\/li>\n<\/ul>\n<\/li>\n<\/ul>\n<p><\/p>","protected":false},"excerpt":{"rendered":"<p>Actualizaciones del campo Finalizaci\u00f3n de los n\u00facleos de reforestaci\u00f3n Establecimiento del huerto clonal \u00c9xito de la propagaci\u00f3n por injerto An\u00e1lisis multiespectral Investigaciones fitosanitarias Preparaci\u00f3n de n\u00facleos de reforestaci\u00f3n Inauguraci\u00f3n del Banco de Semillas y la Criobanca Finalizaci\u00f3n del Nuevo Sistema de Cercas \u00a1El sistema de videovigilancia del sendero Abies Nebrodensis est\u00e1 listo! \u00a1Est\u00e1n creciendo nuevas &hellip; <\/p>\n<p class=\"link-more\"><a href=\"http:\/\/www.life4fir.com\/es\/update-of-technical-results\/\" class=\"more-link\">Continuar leyendo<span class=\"screen-reader-text\"> \u00abActualizaci\u00f3n de resultados t\u00e9cnicos.\u00bb<\/span><\/a><\/p>\n","protected":false},"author":1,"featured_media":0,"parent":0,"menu_order":0,"comment_status":"closed","ping_status":"closed","template":"","meta":[],"yoast_head":"<!-- This site is optimized with the Yoast SEO plugin v16.7 - https:\/\/yoast.com\/wordpress\/plugins\/seo\/ -->\n<title>Actualizaci\u00f3n de resultados t\u00e9cnicos. - LIFE4FIR<\/title>\n<meta name=\"robots\" content=\"index, follow, max-snippet:-1, max-image-preview:large, max-video-preview:-1\" \/>\n<link rel=\"canonical\" href=\"http:\/\/www.life4fir.com\/update-of-technical-results\/\" \/>\n<meta property=\"og:locale\" content=\"es_ES\" \/>\n<meta property=\"og:type\" content=\"article\" \/>\n<meta property=\"og:title\" content=\"[:it]Aggiornamento dei risultati tecnici[:en]Update of technical results[:es]Actualizaci\u00f3n de resultados t\u00e9cnicos.[:] - LIFE4FIR\" \/>\n<meta property=\"og:description\" content=\"Actualizaciones del campo Finalizaci\u00f3n de los n\u00facleos de reforestaci\u00f3n Establecimiento del huerto clonal \u00c9xito de la propagaci\u00f3n por injerto An\u00e1lisis multiespectral Investigaciones fitosanitarias Preparaci\u00f3n de n\u00facleos de reforestaci\u00f3n Inauguraci\u00f3n del Banco de Semillas y la Criobanca Finalizaci\u00f3n del Nuevo Sistema de Cercas \u00a1El sistema de videovigilancia del sendero Abies Nebrodensis est\u00e1 listo! \u00a1Est\u00e1n creciendo nuevas &hellip; Continuar leyendo &quot;Actualizaci\u00f3n de resultados t\u00e9cnicos.&quot;\" \/>\n<meta property=\"og:url\" content=\"http:\/\/www.life4fir.com\/update-of-technical-results\/\" \/>\n<meta property=\"og:site_name\" content=\"LIFE4FIR\" \/>\n<meta property=\"article:modified_time\" content=\"2025-03-30T20:19:01+00:00\" \/>\n<meta name=\"twitter:card\" content=\"summary_large_image\" \/>\n<meta name=\"twitter:label1\" content=\"Tiempo de lectura\" \/>\n\t<meta name=\"twitter:data1\" content=\"1 minuto\" \/>\n<script type=\"application\/ld+json\" class=\"yoast-schema-graph\">{\"@context\":\"https:\/\/schema.org\",\"@graph\":[{\"@type\":\"WebSite\",\"@id\":\"http:\/\/www.life4fir.com\/it\/#website\",\"url\":\"http:\/\/www.life4fir.com\/it\/\",\"name\":\"LIFE4FIR\",\"description\":\"Decisive in situ and ex situ conservation strategies to secure the critically endangered Sicilian fir, Abies nebrodensis\",\"potentialAction\":[{\"@type\":\"SearchAction\",\"target\":{\"@type\":\"EntryPoint\",\"urlTemplate\":\"http:\/\/www.life4fir.com\/it\/?s={search_term_string}\"},\"query-input\":\"required name=search_term_string\"}],\"inLanguage\":\"es\"},{\"@type\":\"WebPage\",\"@id\":\"http:\/\/www.life4fir.com\/update-of-technical-results\/#webpage\",\"url\":\"http:\/\/www.life4fir.com\/update-of-technical-results\/\",\"name\":\"[:it]Aggiornamento dei risultati tecnici[:en]Update of technical results[:es]Actualizaci\\u00f3n de resultados t\\u00e9cnicos.[:] - LIFE4FIR\",\"isPartOf\":{\"@id\":\"http:\/\/www.life4fir.com\/it\/#website\"},\"datePublished\":\"2019-11-05T11:22:30+00:00\",\"dateModified\":\"2025-03-30T20:19:01+00:00\",\"breadcrumb\":{\"@id\":\"http:\/\/www.life4fir.com\/update-of-technical-results\/#breadcrumb\"},\"inLanguage\":\"es\",\"potentialAction\":[{\"@type\":\"ReadAction\",\"target\":[\"http:\/\/www.life4fir.com\/update-of-technical-results\/\"]}]},{\"@type\":\"BreadcrumbList\",\"@id\":\"http:\/\/www.life4fir.com\/update-of-technical-results\/#breadcrumb\",\"itemListElement\":[{\"@type\":\"ListItem\",\"position\":1,\"name\":\"Home\",\"item\":\"http:\/\/www.life4fir.com\/\"},{\"@type\":\"ListItem\",\"position\":2,\"name\":\"Update of technical results\"}]}]}<\/script>\n<!-- \/ Yoast SEO plugin. -->","yoast_head_json":{"title":"[:it]Aggiornamento dei risultati tecnici[:en]Update of technical results[:es]Actualizaci\u00f3n de resultados t\u00e9cnicos.[:] - LIFE4FIR","robots":{"index":"index","follow":"follow","max-snippet":"max-snippet:-1","max-image-preview":"max-image-preview:large","max-video-preview":"max-video-preview:-1"},"canonical":"http:\/\/www.life4fir.com\/update-of-technical-results\/","og_locale":"es_ES","og_type":"article","og_title":"[:it]Aggiornamento dei risultati tecnici[:en]Update of technical results[:es]Actualizaci\u00f3n de resultados t\u00e9cnicos.[:] - LIFE4FIR","og_description":"Actualizaciones del campo Finalizaci\u00f3n de los n\u00facleos de reforestaci\u00f3n Establecimiento del huerto clonal \u00c9xito de la propagaci\u00f3n por injerto An\u00e1lisis multiespectral Investigaciones fitosanitarias Preparaci\u00f3n de n\u00facleos de reforestaci\u00f3n Inauguraci\u00f3n del Banco de Semillas y la Criobanca Finalizaci\u00f3n del Nuevo Sistema de Cercas \u00a1El sistema de videovigilancia del sendero Abies Nebrodensis est\u00e1 listo! \u00a1Est\u00e1n creciendo nuevas &hellip; Continuar leyendo \"Actualizaci\u00f3n de resultados t\u00e9cnicos.\"","og_url":"http:\/\/www.life4fir.com\/update-of-technical-results\/","og_site_name":"LIFE4FIR","article_modified_time":"2025-03-30T20:19:01+00:00","twitter_card":"summary_large_image","twitter_misc":{"Tiempo de lectura":"1 minuto"},"schema":{"@context":"https:\/\/schema.org","@graph":[{"@type":"WebSite","@id":"http:\/\/www.life4fir.com\/it\/#website","url":"http:\/\/www.life4fir.com\/it\/","name":"LIFE4FIR","description":"Decisive in situ and ex situ conservation strategies to secure the critically endangered Sicilian fir, Abies nebrodensis","potentialAction":[{"@type":"SearchAction","target":{"@type":"EntryPoint","urlTemplate":"http:\/\/www.life4fir.com\/it\/?s={search_term_string}"},"query-input":"required name=search_term_string"}],"inLanguage":"es"},{"@type":"WebPage","@id":"http:\/\/www.life4fir.com\/update-of-technical-results\/#webpage","url":"http:\/\/www.life4fir.com\/update-of-technical-results\/","name":"[:it]Aggiornamento dei risultati tecnici[:en]Update of technical results[:es]Actualizaci\u00f3n de resultados t\u00e9cnicos.[:] - LIFE4FIR","isPartOf":{"@id":"http:\/\/www.life4fir.com\/it\/#website"},"datePublished":"2019-11-05T11:22:30+00:00","dateModified":"2025-03-30T20:19:01+00:00","breadcrumb":{"@id":"http:\/\/www.life4fir.com\/update-of-technical-results\/#breadcrumb"},"inLanguage":"es","potentialAction":[{"@type":"ReadAction","target":["http:\/\/www.life4fir.com\/update-of-technical-results\/"]}]},{"@type":"BreadcrumbList","@id":"http:\/\/www.life4fir.com\/update-of-technical-results\/#breadcrumb","itemListElement":[{"@type":"ListItem","position":1,"name":"Home","item":"http:\/\/www.life4fir.com\/"},{"@type":"ListItem","position":2,"name":"Update of technical results"}]}]}},"_links":{"self":[{"href":"http:\/\/www.life4fir.com\/es\/wp-json\/wp\/v2\/pages\/93"}],"collection":[{"href":"http:\/\/www.life4fir.com\/es\/wp-json\/wp\/v2\/pages"}],"about":[{"href":"http:\/\/www.life4fir.com\/es\/wp-json\/wp\/v2\/types\/page"}],"author":[{"embeddable":true,"href":"http:\/\/www.life4fir.com\/es\/wp-json\/wp\/v2\/users\/1"}],"replies":[{"embeddable":true,"href":"http:\/\/www.life4fir.com\/es\/wp-json\/wp\/v2\/comments?post=93"}],"version-history":[{"count":26,"href":"http:\/\/www.life4fir.com\/es\/wp-json\/wp\/v2\/pages\/93\/revisions"}],"predecessor-version":[{"id":916,"href":"http:\/\/www.life4fir.com\/es\/wp-json\/wp\/v2\/pages\/93\/revisions\/916"}],"wp:attachment":[{"href":"http:\/\/www.life4fir.com\/es\/wp-json\/wp\/v2\/media?parent=93"}],"curies":[{"name":"wp","href":"https:\/\/api.w.org\/{rel}","templated":true}]}}