{"id":97,"date":"2019-11-05T12:35:11","date_gmt":"2019-11-05T11:35:11","guid":{"rendered":"http:\/\/www.life4fir.com\/?page_id=97"},"modified":"2019-11-05T12:41:41","modified_gmt":"2019-11-05T11:41:41","slug":"97-2","status":"publish","type":"page","link":"http:\/\/www.life4fir.com\/es\/97-2\/","title":{"rendered":"Cookie policy"},"content":{"rendered":"<p><\/p>\n<h3><strong>\u00bfQu\u00e9 cookies se usan en este sitio?<\/strong><\/h3>\n<p>Las cookies t\u00e9cnicas se utilizan en este sitio web para garantizar el uso correcto de los contenidos del sitio.<\/p>\n<p>Este sitio web no utiliza cookies de creaci\u00f3n de perfiles.\u00f9<\/p>\n<h3><strong>\u00bfQu\u00e9 son las cookies?<\/strong><\/h3>\n<p>Las cookies son peque\u00f1as cadenas de texto que un sitio web puede enviar, mientras navega, al dispositivo del usuario (ya sea una PC, una computadora port\u00e1til, un tel\u00e9fono inteligente, una tableta; generalmente se almacenan directamente en el navegador utilizado para navegaci\u00f3n). El mismo sitio web que los transmiti\u00f3, entonces, puede leer y registrar las cookies que est\u00e1n en el dispositivo para obtener varios tipos de informaci\u00f3n.<\/p>\n<h3><strong>\u00bfCu\u00e1ntos tipos de cookies hay?<\/strong><\/h3>\n<p>Hay <strong>dos macrocategor\u00edas b\u00e1sicas<\/strong>, con diferentes caracter\u00edsticas: <strong>cookies t\u00e9cnicas<\/strong> y <strong>cookies de creaci\u00f3n de perfiles<\/strong>.<\/p>\n<p>Las <strong>cookies t\u00e9cnicas<\/strong> son generalmente necesarias para el correcto funcionamiento del sitio web y para permitir la navegaci\u00f3n; sin ellos, el navegador no podr\u00e1 mostrar las p\u00e1ginas correctamente o utilizar algunos servicios. Por ejemplo, una cookie t\u00e9cnica es esencial para mantener al usuario conectado durante toda la visita a un sitio web, o para memorizar la configuraci\u00f3n del idioma, la pantalla, etc. Los t\u00e9cnicos de cookies pueden distinguirse a\u00fan m\u00e1s en las cookies de navegaci\u00f3n, que garantizan la navegaci\u00f3n y el uso normales del sitio web (permitiendo, por ejemplo, realizar una compra o autenticar para acceder a \u00e1reas restringidas); cookies de an\u00e1lisis, similares a las cookies t\u00e9cnicas solo cuando se utilizan para recopilar informaci\u00f3n, en forma agregada, sobre el n\u00famero de usuarios y c\u00f3mo visitan el sitio; cookies de funcionalidad, que permiten al usuario navegar en funci\u00f3n de una serie de criterios seleccionados (por ejemplo, el idioma, los productos seleccionados para la compra) con el fin de mejorar el servicio prestado a los mismos.<\/p>\n<p>Las <strong>cookies de creaci\u00f3n de perfiles<\/strong> est\u00e1n dise\u00f1adas para crear perfiles de usuario y normalmente se utilizan para enviar mensajes publicitarios en l\u00ednea con las preferencias mostradas por el usuario mientras navega por la web.<\/p>\n<p><strong>Las cookies a\u00fan se pueden clasificar como:<\/strong><\/p>\n<ul>\n<li><strong>cookies de sesi\u00f3n<\/strong>, que se eliminan inmediatamente cuando se cierra el navegador (por ejemplo, Internet Explorer, Safari, Google Chrome, etc.);<\/li>\n<li><strong>cookies persistentes<\/strong> que, a diferencia de las cookies de sesi\u00f3n, permanecen dentro del navegador durante un per\u00edodo espec\u00edfico de tiempo. Se utilizan, por ejemplo, para reconocer el dispositivo que se conecta al sitio, lo que facilita las operaciones de autenticaci\u00f3n del usuario;<\/li>\n<li><strong>cookies de primera parte<\/strong> o cookies generadas y administradas directamente por el administrador del sitio web en el que el usuario est\u00e1 navegando;<\/li>\n<li><strong>cookies de terceros<\/strong>, que son generadas y administradas por sujetos distintos del operador del sitio web en el que el usuario est\u00e1 navegando (en vigor, por regla general, de un contrato entre el propietario del sitio web y el tercero).<\/li>\n<\/ul>\n<p><\/p>","protected":false},"excerpt":{"rendered":"<p>\u00bfQu\u00e9 cookies se usan en este sitio? Las cookies t\u00e9cnicas se utilizan en este sitio web para garantizar el uso correcto de los contenidos del sitio. Este sitio web no utiliza cookies de creaci\u00f3n de perfiles.\u00f9 \u00bfQu\u00e9 son las cookies? Las cookies son peque\u00f1as cadenas de texto que un sitio web puede enviar, mientras navega, &hellip; <\/p>\n<p class=\"link-more\"><a href=\"http:\/\/www.life4fir.com\/es\/97-2\/\" class=\"more-link\">Continuar leyendo<span class=\"screen-reader-text\"> \u00abCookie policy\u00bb<\/span><\/a><\/p>\n","protected":false},"author":1,"featured_media":0,"parent":0,"menu_order":0,"comment_status":"closed","ping_status":"closed","template":"","meta":[],"yoast_head":"<!-- This site is optimized with the Yoast SEO plugin v16.7 - https:\/\/yoast.com\/wordpress\/plugins\/seo\/ -->\n<title>Cookie policy - LIFE4FIR<\/title>\n<meta name=\"robots\" content=\"index, follow, max-snippet:-1, max-image-preview:large, max-video-preview:-1\" \/>\n<link rel=\"canonical\" href=\"http:\/\/www.life4fir.com\/97-2\/\" \/>\n<meta property=\"og:locale\" content=\"es_ES\" \/>\n<meta property=\"og:type\" content=\"article\" \/>\n<meta property=\"og:title\" content=\"Cookie policy - LIFE4FIR\" \/>\n<meta property=\"og:description\" content=\"\u00bfQu\u00e9 cookies se usan en este sitio? Las cookies t\u00e9cnicas se utilizan en este sitio web para garantizar el uso correcto de los contenidos del sitio. Este sitio web no utiliza cookies de creaci\u00f3n de perfiles.\u00f9 \u00bfQu\u00e9 son las cookies? Las cookies son peque\u00f1as cadenas de texto que un sitio web puede enviar, mientras navega, &hellip; Continuar leyendo &quot;Cookie policy&quot;\" \/>\n<meta property=\"og:url\" content=\"http:\/\/www.life4fir.com\/97-2\/\" \/>\n<meta property=\"og:site_name\" content=\"LIFE4FIR\" \/>\n<meta property=\"article:modified_time\" content=\"2019-11-05T11:41:41+00:00\" \/>\n<meta name=\"twitter:card\" content=\"summary_large_image\" \/>\n<meta name=\"twitter:label1\" content=\"Tiempo de lectura\" \/>\n\t<meta name=\"twitter:data1\" content=\"7 minutos\" \/>\n<script type=\"application\/ld+json\" class=\"yoast-schema-graph\">{\"@context\":\"https:\/\/schema.org\",\"@graph\":[{\"@type\":\"WebSite\",\"@id\":\"http:\/\/www.life4fir.com\/it\/#website\",\"url\":\"http:\/\/www.life4fir.com\/it\/\",\"name\":\"LIFE4FIR\",\"description\":\"Decisive in situ and ex situ conservation strategies to secure the critically endangered Sicilian fir, Abies nebrodensis\",\"potentialAction\":[{\"@type\":\"SearchAction\",\"target\":{\"@type\":\"EntryPoint\",\"urlTemplate\":\"http:\/\/www.life4fir.com\/it\/?s={search_term_string}\"},\"query-input\":\"required name=search_term_string\"}],\"inLanguage\":\"es\"},{\"@type\":\"WebPage\",\"@id\":\"http:\/\/www.life4fir.com\/97-2\/#webpage\",\"url\":\"http:\/\/www.life4fir.com\/97-2\/\",\"name\":\"Cookie policy - LIFE4FIR\",\"isPartOf\":{\"@id\":\"http:\/\/www.life4fir.com\/it\/#website\"},\"datePublished\":\"2019-11-05T11:35:11+00:00\",\"dateModified\":\"2019-11-05T11:41:41+00:00\",\"breadcrumb\":{\"@id\":\"http:\/\/www.life4fir.com\/97-2\/#breadcrumb\"},\"inLanguage\":\"es\",\"potentialAction\":[{\"@type\":\"ReadAction\",\"target\":[\"http:\/\/www.life4fir.com\/97-2\/\"]}]},{\"@type\":\"BreadcrumbList\",\"@id\":\"http:\/\/www.life4fir.com\/97-2\/#breadcrumb\",\"itemListElement\":[{\"@type\":\"ListItem\",\"position\":1,\"name\":\"Home\",\"item\":\"http:\/\/www.life4fir.com\/\"},{\"@type\":\"ListItem\",\"position\":2,\"name\":\"Cookie policy\"}]}]}<\/script>\n<!-- \/ Yoast SEO plugin. -->","yoast_head_json":{"title":"Cookie policy - LIFE4FIR","robots":{"index":"index","follow":"follow","max-snippet":"max-snippet:-1","max-image-preview":"max-image-preview:large","max-video-preview":"max-video-preview:-1"},"canonical":"http:\/\/www.life4fir.com\/97-2\/","og_locale":"es_ES","og_type":"article","og_title":"Cookie policy - LIFE4FIR","og_description":"\u00bfQu\u00e9 cookies se usan en este sitio? Las cookies t\u00e9cnicas se utilizan en este sitio web para garantizar el uso correcto de los contenidos del sitio. Este sitio web no utiliza cookies de creaci\u00f3n de perfiles.\u00f9 \u00bfQu\u00e9 son las cookies? Las cookies son peque\u00f1as cadenas de texto que un sitio web puede enviar, mientras navega, &hellip; Continuar leyendo \"Cookie policy\"","og_url":"http:\/\/www.life4fir.com\/97-2\/","og_site_name":"LIFE4FIR","article_modified_time":"2019-11-05T11:41:41+00:00","twitter_card":"summary_large_image","twitter_misc":{"Tiempo de lectura":"7 minutos"},"schema":{"@context":"https:\/\/schema.org","@graph":[{"@type":"WebSite","@id":"http:\/\/www.life4fir.com\/it\/#website","url":"http:\/\/www.life4fir.com\/it\/","name":"LIFE4FIR","description":"Decisive in situ and ex situ conservation strategies to secure the critically endangered Sicilian fir, Abies nebrodensis","potentialAction":[{"@type":"SearchAction","target":{"@type":"EntryPoint","urlTemplate":"http:\/\/www.life4fir.com\/it\/?s={search_term_string}"},"query-input":"required name=search_term_string"}],"inLanguage":"es"},{"@type":"WebPage","@id":"http:\/\/www.life4fir.com\/97-2\/#webpage","url":"http:\/\/www.life4fir.com\/97-2\/","name":"Cookie policy - LIFE4FIR","isPartOf":{"@id":"http:\/\/www.life4fir.com\/it\/#website"},"datePublished":"2019-11-05T11:35:11+00:00","dateModified":"2019-11-05T11:41:41+00:00","breadcrumb":{"@id":"http:\/\/www.life4fir.com\/97-2\/#breadcrumb"},"inLanguage":"es","potentialAction":[{"@type":"ReadAction","target":["http:\/\/www.life4fir.com\/97-2\/"]}]},{"@type":"BreadcrumbList","@id":"http:\/\/www.life4fir.com\/97-2\/#breadcrumb","itemListElement":[{"@type":"ListItem","position":1,"name":"Home","item":"http:\/\/www.life4fir.com\/"},{"@type":"ListItem","position":2,"name":"Cookie policy"}]}]}},"_links":{"self":[{"href":"http:\/\/www.life4fir.com\/es\/wp-json\/wp\/v2\/pages\/97"}],"collection":[{"href":"http:\/\/www.life4fir.com\/es\/wp-json\/wp\/v2\/pages"}],"about":[{"href":"http:\/\/www.life4fir.com\/es\/wp-json\/wp\/v2\/types\/page"}],"author":[{"embeddable":true,"href":"http:\/\/www.life4fir.com\/es\/wp-json\/wp\/v2\/users\/1"}],"replies":[{"embeddable":true,"href":"http:\/\/www.life4fir.com\/es\/wp-json\/wp\/v2\/comments?post=97"}],"version-history":[{"count":2,"href":"http:\/\/www.life4fir.com\/es\/wp-json\/wp\/v2\/pages\/97\/revisions"}],"predecessor-version":[{"id":99,"href":"http:\/\/www.life4fir.com\/es\/wp-json\/wp\/v2\/pages\/97\/revisions\/99"}],"wp:attachment":[{"href":"http:\/\/www.life4fir.com\/es\/wp-json\/wp\/v2\/media?parent=97"}],"curies":[{"name":"wp","href":"https:\/\/api.w.org\/{rel}","templated":true}]}}