{"id":87,"date":"2019-11-05T12:21:12","date_gmt":"2019-11-05T11:21:12","guid":{"rendered":"http:\/\/www.life4fir.com\/?page_id=87"},"modified":"2024-11-12T07:20:51","modified_gmt":"2024-11-12T06:20:51","slug":"networking","status":"publish","type":"page","link":"http:\/\/www.life4fir.com\/it\/networking\/","title":{"rendered":"Networking"},"content":{"rendered":"<p><em><strong><a href=\"https:\/\/mycorestore.eu\/it\/life-mycorestore-2\/\"><img loading=\"lazy\" class=\"alignleft size-medium wp-image-280\" src=\"http:\/\/www.life4fir.com\/wp-content\/uploads\/2020\/01\/logo-mycorestore-300x132.png\" alt=\"\" width=\"300\" height=\"132\" srcset=\"http:\/\/www.life4fir.com\/wp-content\/uploads\/2020\/01\/logo-mycorestore-300x132.png 300w, http:\/\/www.life4fir.com\/wp-content\/uploads\/2020\/01\/logo-mycorestore.png 392w\" sizes=\"(max-width: 300px) 100vw, 300px\" \/><\/a>LIFE MycoRestore<br \/>\n<\/strong><\/em><span style=\"font-size: 1rem;\">Le foreste mediterranee sono attualmente soggette a multipli fattori di stress sia biotici che abiotici. LIFE MycoRestore intende utilizzare varie risorse micologiche e pratiche di gestione forestale come valore aggiunto per il miglioramento della resilienza biologica di foreste in Spagna, Italia e Portogallo, generando inoltre nuove fonti di reddito e garantendo la stabilit\u00e0 dei servizi ecosistemici forestali contrastando gli effetti dei cambiamenti climatici.<\/span><\/p>\n<p>&nbsp;<\/p>\n<p><strong><em><a href=\"https:\/\/www.lifeprimed.eu\/\"><img loading=\"lazy\" class=\"alignleft size-medium wp-image-282\" src=\"http:\/\/www.life4fir.com\/wp-content\/uploads\/2020\/01\/logo-life-primed-300x77.png\" alt=\"\" width=\"300\" height=\"77\" srcset=\"http:\/\/www.life4fir.com\/wp-content\/uploads\/2020\/01\/logo-life-primed-300x77.png 300w, http:\/\/www.life4fir.com\/wp-content\/uploads\/2020\/01\/logo-life-primed.png 351w\" sizes=\"(max-width: 300px) 100vw, 300px\" \/><\/a>LIFE Primed<br \/>\n<\/em><\/strong>Negli ultimi decenni, si sono osservati fenomeni di declino delle foreste in tutto il pianeta. In particolare in Europa gli ecosistemi forestali costieri hanno subito pressioni dell&#8217;azione diretta o indiretta dell&#8217;uomo, che hanno portato a cambiamenti sostanziali nella composizione e nella struttura delle popolazioni di alberi, fino a preoccupanti casi di improvvisa ed elevata mortalit\u00e0 delle foreste e di perdita degli habitat associati. Il progetto LIFE Primed mira a quantificare puntualmente le cause che hanno portato all&#8217;attuale stato di conservazione sfavorevole, e a definire e attuare azioni per il ripristino degli ecosistemi colpiti di Italia e Grecia!<\/p>\n<p><a href=\"https:\/\/www.lifegoprofor.eu\/\"><img loading=\"lazy\" class=\"alignleft wp-image-887 size-medium\" src=\"http:\/\/www.life4fir.com\/wp-content\/uploads\/2024\/11\/lifegoprofor_life-300x55.png\" alt=\"\" width=\"300\" height=\"55\" srcset=\"http:\/\/www.life4fir.com\/wp-content\/uploads\/2024\/11\/lifegoprofor_life-300x55.png 300w, http:\/\/www.life4fir.com\/wp-content\/uploads\/2024\/11\/lifegoprofor_life.png 439w\" sizes=\"(max-width: 300px) 100vw, 300px\" \/><\/a><\/p>\n<p><em><strong>LIFE GoProFor<br \/>\n<\/strong><\/em>Il progetto mira a &#8220;distillare&#8221; le Buone Pratiche dai progetti LIFE selezionati a livello europeo, fornendo strumenti dettagliati per l&#8217;applicazione della conservazione della natura. Le Buone Pratiche sono definite sulla base di un tema di applicazione (come gestione forestale sostenibile, mitigazione e adattamento ai cambiamenti climatici, conservazione della natura e biodiversit\u00e0), un contesto di applicazione (come regione biogeografica o habitat) e dei problemi e le minacce affrontati.<\/p>\n<p>&nbsp;<\/p>\n<p><a href=\"https:\/\/www.life-airfresh.eu\/\"><img loading=\"lazy\" class=\"alignleft wp-image-888 size-medium\" src=\"http:\/\/www.life4fir.com\/wp-content\/uploads\/2024\/11\/airfresh-277x300.png\" alt=\"\" width=\"277\" height=\"300\" srcset=\"http:\/\/www.life4fir.com\/wp-content\/uploads\/2024\/11\/airfresh-277x300.png 277w, http:\/\/www.life4fir.com\/wp-content\/uploads\/2024\/11\/airfresh.png 436w\" sizes=\"(max-width: 277px) 100vw, 277px\" \/><\/a><em><strong>LIFE AIRFRESH<br \/>\n<\/strong><\/em>Il progetto AIRFRESH si concentra sulla riforestazione urbana e periurbana per migliorare la qualit\u00e0 dell&#8217;aria nelle citt\u00e0 densamente popolate. Verranno create aree di test ad Aix-en-Provence e Firenze, che fungeranno da citt\u00e0 pioniere e laboratori viventi. AIRFRESH mira a stimare la capacit\u00e0 di alberi e arbusti urbani in queste aree riforestate di rimuovere gli inquinanti (PM, NO2, CO2 e O3), quantificare i benefici ambientali e per la salute della riforestazione, e fornire raccomandazioni politiche sul numero e i tipi di specie arboree necessarie per raggiungere gli standard di qualit\u00e0 dell&#8217;aria in entrambe le citt\u00e0.<\/p>\n<p>&nbsp;<\/p>\n<p><a href=\"https:\/\/www.forgenius.eu\/\"><img loading=\"lazy\" class=\"size-medium wp-image-890 alignleft\" src=\"http:\/\/www.life4fir.com\/wp-content\/uploads\/2024\/11\/forgenius-300x112.png\" alt=\"\" width=\"300\" height=\"112\" srcset=\"http:\/\/www.life4fir.com\/wp-content\/uploads\/2024\/11\/forgenius-300x112.png 300w, http:\/\/www.life4fir.com\/wp-content\/uploads\/2024\/11\/forgenius.png 368w\" sizes=\"(max-width: 300px) 100vw, 300px\" \/><\/a><em><strong>H2020 FORGENIUS<br \/>\n<\/strong><\/em>Il progetto FORGENIUS mira a migliorare la comprensione della diversit\u00e0 e della resilienza climatica delle foreste europee. Integrando tecnologie avanzate ed esperti in campi come la biologia vegetale, l&#8217;ecologia, la genomica e la silvicoltura, contribuisce al miglioramento dei dati sulle Unit\u00e0 di Conservazione Genetica e allo sviluppo di servizi mirati agli utenti. Questi sforzi puntano a creare nuove strategie adattive per preservare le foreste europee su scala continentale.<\/p>\n<p>&nbsp;<\/p>\n<p><a href=\"https:\/\/www.carpathia.org\/life\/\"><img loading=\"lazy\" class=\"wp-image-892 size-medium alignleft\" src=\"http:\/\/www.life4fir.com\/wp-content\/uploads\/2024\/11\/carpathia-300x75.png\" alt=\"\" width=\"300\" height=\"75\" srcset=\"http:\/\/www.life4fir.com\/wp-content\/uploads\/2024\/11\/carpathia-300x75.png 300w, http:\/\/www.life4fir.com\/wp-content\/uploads\/2024\/11\/carpathia.png 450w\" sizes=\"(max-width: 300px) 100vw, 300px\" \/><\/a><\/p>\n<p><strong><em>LIFE CARPATHIA<\/em><\/strong><br \/>\nIl progetto mira a proteggere le aree selvagge rimanenti e a riportare le foreste gestite al loro stato naturale nei Monti F\u0103g\u0103ra\u0219. Si concentra sulla riabilitazione degli ecosistemi acquatici e ripariali, compromessi dagli anni &#8217;80 a causa di una centrale idroelettrica e delle strutture di controllo del fiume lungo il fiume D\u00e2mbovi\u021ba. L&#8217;iniziativa stabilir\u00e0 condizioni ecologicamente idonee per le specie chiave, mantenendo la funzione protettiva di queste strutture.<\/p>\n<p>&nbsp;<\/p>\n<p><a href=\"https:\/\/lifeseedforce.eu\/\"><img loading=\"lazy\" class=\"size-full wp-image-893 alignleft\" src=\"http:\/\/www.life4fir.com\/wp-content\/uploads\/2024\/11\/life-seed-force.png\" alt=\"\" width=\"150\" height=\"96\" \/><\/a><strong><em>LIFE SEEDFORCE<br \/>\n<\/em><\/strong>Questo progetto, attraverso un approccio integrato, mira a recuperare e rafforzare le popolazioni di piante native italiane in pericolo di estinzione grazie alle banche dei semi.<strong><em><br \/>\n<\/em><\/strong><\/p>","protected":false},"excerpt":{"rendered":"<p>LIFE MycoRestore Le foreste mediterranee sono attualmente soggette a multipli fattori di stress sia biotici che abiotici. LIFE MycoRestore intende utilizzare varie risorse micologiche e pratiche di gestione forestale come valore aggiunto per il miglioramento della resilienza biologica di foreste in Spagna, Italia e Portogallo, generando inoltre nuove fonti di reddito e garantendo la stabilit\u00e0 &hellip; <\/p>\n<p class=\"link-more\"><a href=\"http:\/\/www.life4fir.com\/it\/networking\/\" class=\"more-link\">Leggi tutto<span class=\"screen-reader-text\"> &#8220;Networking&#8221;<\/span><\/a><\/p>\n","protected":false},"author":1,"featured_media":0,"parent":0,"menu_order":0,"comment_status":"closed","ping_status":"closed","template":"","meta":[],"yoast_head":"<!-- This site is optimized with the Yoast SEO plugin v16.7 - https:\/\/yoast.com\/wordpress\/plugins\/seo\/ -->\n<title>Networking - LIFE4FIR<\/title>\n<meta name=\"robots\" content=\"index, follow, max-snippet:-1, max-image-preview:large, max-video-preview:-1\" \/>\n<link rel=\"canonical\" href=\"http:\/\/www.life4fir.com\/networking\/\" \/>\n<meta property=\"og:locale\" content=\"it_IT\" \/>\n<meta property=\"og:type\" content=\"article\" \/>\n<meta property=\"og:title\" content=\"Networking - LIFE4FIR\" \/>\n<meta property=\"og:description\" content=\"LIFE MycoRestore Le foreste mediterranee sono attualmente soggette a multipli fattori di stress sia biotici che abiotici. LIFE MycoRestore intende utilizzare varie risorse micologiche e pratiche di gestione forestale come valore aggiunto per il miglioramento della resilienza biologica di foreste in Spagna, Italia e Portogallo, generando inoltre nuove fonti di reddito e garantendo la stabilit\u00e0 &hellip; Leggi tutto &quot;Networking&quot;\" \/>\n<meta property=\"og:url\" content=\"http:\/\/www.life4fir.com\/networking\/\" \/>\n<meta property=\"og:site_name\" content=\"LIFE4FIR\" \/>\n<meta property=\"article:modified_time\" content=\"2024-11-12T06:20:51+00:00\" \/>\n<meta property=\"og:image\" content=\"http:\/\/www.life4fir.com\/wp-content\/uploads\/2020\/01\/logo-mycorestore-300x132.png\" \/>\n<meta name=\"twitter:card\" content=\"summary_large_image\" \/>\n<meta name=\"twitter:label1\" content=\"Tempo di lettura stimato\" \/>\n\t<meta name=\"twitter:data1\" content=\"4 minuti\" \/>\n<script type=\"application\/ld+json\" class=\"yoast-schema-graph\">{\"@context\":\"https:\/\/schema.org\",\"@graph\":[{\"@type\":\"WebSite\",\"@id\":\"http:\/\/www.life4fir.com\/it\/#website\",\"url\":\"http:\/\/www.life4fir.com\/it\/\",\"name\":\"LIFE4FIR\",\"description\":\"Decisive in situ and ex situ conservation strategies to secure the critically endangered Sicilian fir, Abies nebrodensis\",\"potentialAction\":[{\"@type\":\"SearchAction\",\"target\":{\"@type\":\"EntryPoint\",\"urlTemplate\":\"http:\/\/www.life4fir.com\/it\/?s={search_term_string}\"},\"query-input\":\"required name=search_term_string\"}],\"inLanguage\":\"it-IT\"},{\"@type\":\"ImageObject\",\"@id\":\"http:\/\/www.life4fir.com\/networking\/#primaryimage\",\"inLanguage\":\"it-IT\",\"url\":\"http:\/\/www.life4fir.com\/wp-content\/uploads\/2020\/01\/logo-mycorestore.png\",\"contentUrl\":\"http:\/\/www.life4fir.com\/wp-content\/uploads\/2020\/01\/logo-mycorestore.png\",\"width\":392,\"height\":173},{\"@type\":\"WebPage\",\"@id\":\"http:\/\/www.life4fir.com\/networking\/#webpage\",\"url\":\"http:\/\/www.life4fir.com\/networking\/\",\"name\":\"Networking - LIFE4FIR\",\"isPartOf\":{\"@id\":\"http:\/\/www.life4fir.com\/it\/#website\"},\"primaryImageOfPage\":{\"@id\":\"http:\/\/www.life4fir.com\/networking\/#primaryimage\"},\"datePublished\":\"2019-11-05T11:21:12+00:00\",\"dateModified\":\"2024-11-12T06:20:51+00:00\",\"breadcrumb\":{\"@id\":\"http:\/\/www.life4fir.com\/networking\/#breadcrumb\"},\"inLanguage\":\"it-IT\",\"potentialAction\":[{\"@type\":\"ReadAction\",\"target\":[\"http:\/\/www.life4fir.com\/networking\/\"]}]},{\"@type\":\"BreadcrumbList\",\"@id\":\"http:\/\/www.life4fir.com\/networking\/#breadcrumb\",\"itemListElement\":[{\"@type\":\"ListItem\",\"position\":1,\"name\":\"Home\",\"item\":\"http:\/\/www.life4fir.com\/\"},{\"@type\":\"ListItem\",\"position\":2,\"name\":\"Networking\"}]}]}<\/script>\n<!-- \/ Yoast SEO plugin. -->","yoast_head_json":{"title":"Networking - LIFE4FIR","robots":{"index":"index","follow":"follow","max-snippet":"max-snippet:-1","max-image-preview":"max-image-preview:large","max-video-preview":"max-video-preview:-1"},"canonical":"http:\/\/www.life4fir.com\/networking\/","og_locale":"it_IT","og_type":"article","og_title":"Networking - LIFE4FIR","og_description":"LIFE MycoRestore Le foreste mediterranee sono attualmente soggette a multipli fattori di stress sia biotici che abiotici. LIFE MycoRestore intende utilizzare varie risorse micologiche e pratiche di gestione forestale come valore aggiunto per il miglioramento della resilienza biologica di foreste in Spagna, Italia e Portogallo, generando inoltre nuove fonti di reddito e garantendo la stabilit\u00e0 &hellip; Leggi tutto \"Networking\"","og_url":"http:\/\/www.life4fir.com\/networking\/","og_site_name":"LIFE4FIR","article_modified_time":"2024-11-12T06:20:51+00:00","og_image":[{"url":"http:\/\/www.life4fir.com\/wp-content\/uploads\/2020\/01\/logo-mycorestore-300x132.png"}],"twitter_card":"summary_large_image","twitter_misc":{"Tempo di lettura stimato":"4 minuti"},"schema":{"@context":"https:\/\/schema.org","@graph":[{"@type":"WebSite","@id":"http:\/\/www.life4fir.com\/it\/#website","url":"http:\/\/www.life4fir.com\/it\/","name":"LIFE4FIR","description":"Decisive in situ and ex situ conservation strategies to secure the critically endangered Sicilian fir, Abies nebrodensis","potentialAction":[{"@type":"SearchAction","target":{"@type":"EntryPoint","urlTemplate":"http:\/\/www.life4fir.com\/it\/?s={search_term_string}"},"query-input":"required name=search_term_string"}],"inLanguage":"it-IT"},{"@type":"ImageObject","@id":"http:\/\/www.life4fir.com\/networking\/#primaryimage","inLanguage":"it-IT","url":"http:\/\/www.life4fir.com\/wp-content\/uploads\/2020\/01\/logo-mycorestore.png","contentUrl":"http:\/\/www.life4fir.com\/wp-content\/uploads\/2020\/01\/logo-mycorestore.png","width":392,"height":173},{"@type":"WebPage","@id":"http:\/\/www.life4fir.com\/networking\/#webpage","url":"http:\/\/www.life4fir.com\/networking\/","name":"Networking - LIFE4FIR","isPartOf":{"@id":"http:\/\/www.life4fir.com\/it\/#website"},"primaryImageOfPage":{"@id":"http:\/\/www.life4fir.com\/networking\/#primaryimage"},"datePublished":"2019-11-05T11:21:12+00:00","dateModified":"2024-11-12T06:20:51+00:00","breadcrumb":{"@id":"http:\/\/www.life4fir.com\/networking\/#breadcrumb"},"inLanguage":"it-IT","potentialAction":[{"@type":"ReadAction","target":["http:\/\/www.life4fir.com\/networking\/"]}]},{"@type":"BreadcrumbList","@id":"http:\/\/www.life4fir.com\/networking\/#breadcrumb","itemListElement":[{"@type":"ListItem","position":1,"name":"Home","item":"http:\/\/www.life4fir.com\/"},{"@type":"ListItem","position":2,"name":"Networking"}]}]}},"_links":{"self":[{"href":"http:\/\/www.life4fir.com\/it\/wp-json\/wp\/v2\/pages\/87"}],"collection":[{"href":"http:\/\/www.life4fir.com\/it\/wp-json\/wp\/v2\/pages"}],"about":[{"href":"http:\/\/www.life4fir.com\/it\/wp-json\/wp\/v2\/types\/page"}],"author":[{"embeddable":true,"href":"http:\/\/www.life4fir.com\/it\/wp-json\/wp\/v2\/users\/1"}],"replies":[{"embeddable":true,"href":"http:\/\/www.life4fir.com\/it\/wp-json\/wp\/v2\/comments?post=87"}],"version-history":[{"count":6,"href":"http:\/\/www.life4fir.com\/it\/wp-json\/wp\/v2\/pages\/87\/revisions"}],"predecessor-version":[{"id":894,"href":"http:\/\/www.life4fir.com\/it\/wp-json\/wp\/v2\/pages\/87\/revisions\/894"}],"wp:attachment":[{"href":"http:\/\/www.life4fir.com\/it\/wp-json\/wp\/v2\/media?parent=87"}],"curies":[{"name":"wp","href":"https:\/\/api.w.org\/{rel}","templated":true}]}}